{"id":4508,"date":"2021-02-13T22:17:26","date_gmt":"2021-02-13T21:17:26","guid":{"rendered":"https:\/\/danielricardogonzalez.com\/?post_type=product&#038;p=4508"},"modified":"2022-04-09T18:24:26","modified_gmt":"2022-04-09T16:24:26","slug":"salon-de-television","status":"publish","type":"product","link":"https:\/\/danielricardogonzalez.com\/en\/produkt\/salon-de-television\/","title":{"rendered":"SAL\u00d3N DE TELEVISI\u00d3N"},"content":{"rendered":"<p>Limited edition<\/p>\n<p>Delivery time:<\/p>\n<ul>\n<li>Textile print 10 working days<\/li>\n<li>Alu-Dibond slim-framed 10 working days<\/li>\n<li>Museum glass Ultra-Sec 30 working days<\/li>\n<\/ul>\n<p>&nbsp;<\/p>\n","protected":false},"excerpt":{"rendered":"<p>When the nearly 90 years old Cuban woman Josie Alonso opened the door for Daniel Ricardo Gonz\u00e1lez his dream as a photographer came true. This legendary colonial style villa in Havana was built in 1929 by the late vice president of the Camag\u00fcey Railways and has been owned by the Alonso family ever since.<\/p>\n<p>Through his camera Daniel immersed himself into this architectural magic in the spring of 2018. During the time he spent at \u201cCasa Alonso\u201d he photographed its beguiling beauty. The photo series \u201cCasa Alonso\u201d pays homage to the transience of beauty as well as the charm of morbidity. As we look at the photographs of \u201cCasa Alonso\u201d we figuratively stroll through this house while being enchanted by its colors and details\u2026and it is almost as if we can even sense the smells.<\/p>\n","protected":false},"featured_media":2816,"template":"","meta":[],"product_brand":[],"product_cat":[71],"product_tag":[],"class_list":{"0":"post-4508","1":"product","2":"type-product","3":"status-publish","4":"has-post-thumbnail","6":"product_cat-casa-alonso-a-day-in-havanna","7":"product_shipping_class-eu-countries-5-of-the-shopping-cart-value","9":"first","10":"instock","11":"taxable","12":"shipping-taxable","13":"purchasable","14":"product-type-variable"},"yoast_head":"<!-- This site is optimized with the Yoast SEO plugin v27.4 - https:\/\/yoast.com\/product\/yoast-seo-wordpress\/ -->\n<title>SAL\u00d3N DE TELEVISI\u00d3N - Daniel Ricardo Gonz\u00e1lez<\/title>\n<meta name=\"robots\" content=\"index, follow, max-snippet:-1, max-image-preview:large, max-video-preview:-1\" \/>\n<link rel=\"canonical\" href=\"https:\/\/danielricardogonzalez.com\/en\/produkt\/salon-de-television\/\" \/>\n<meta property=\"og:locale\" content=\"en_GB\" \/>\n<meta property=\"og:type\" content=\"article\" \/>\n<meta property=\"og:title\" content=\"SAL\u00d3N DE TELEVISI\u00d3N - Daniel Ricardo Gonz\u00e1lez\" \/>\n<meta property=\"og:description\" content=\"When the nearly 90 years old Cuban woman Josie Alonso opened the door for Daniel Ricardo Gonz\u00e1lez his dream as a photographer came true. This legendary colonial style villa in Havana was built in 1929 by the late vice president of the Camag\u00fcey Railways and has been owned by the Alonso family ever since.  Through his camera Daniel immersed himself into this architectural magic in the spring of 2018. During the time he spent at \u201cCasa Alonso\u201d he photographed its beguiling beauty. The photo series \u201cCasa Alonso\u201d pays homage to the transience of beauty as well as the charm of morbidity. As we look at the photographs of \u201cCasa Alonso\u201d we figuratively stroll through this house while being enchanted by its colors and details\u2026and it is almost as if we can even sense the smells.\" \/>\n<meta property=\"og:url\" content=\"https:\/\/danielricardogonzalez.com\/en\/produkt\/salon-de-television\/\" \/>\n<meta property=\"og:site_name\" content=\"Daniel Ricardo Gonz\u00e1lez\" \/>\n<meta property=\"article:modified_time\" content=\"2022-04-09T16:24:26+00:00\" \/>\n<meta property=\"og:image\" content=\"https:\/\/danielricardogonzalez.com\/wp-content\/uploads\/2021\/01\/SALON-DE-TELEVISION-CASA-ALONSO-\u00a9-Daniel-Ricardo-Gonzalez.jpg\" \/>\n\t<meta property=\"og:image:width\" content=\"1291\" \/>\n\t<meta property=\"og:image:height\" content=\"1936\" \/>\n\t<meta property=\"og:image:type\" content=\"image\/jpeg\" \/>\n<meta name=\"twitter:card\" content=\"summary_large_image\" \/>\n<meta name=\"twitter:label1\" content=\"Estimated reading time\" \/>\n\t<meta name=\"twitter:data1\" content=\"1 minute\" \/>\n<script type=\"application\/ld+json\" class=\"yoast-schema-graph\">{\"@context\":\"https:\\\/\\\/schema.org\",\"@graph\":[{\"@type\":\"WebPage\",\"@id\":\"https:\\\/\\\/danielricardogonzalez.com\\\/produkt\\\/salon-de-television\\\/\",\"url\":\"https:\\\/\\\/danielricardogonzalez.com\\\/produkt\\\/salon-de-television\\\/\",\"name\":\"SAL\u00d3N DE TELEVISI\u00d3N - Daniel Ricardo Gonz\u00e1lez\",\"isPartOf\":{\"@id\":\"https:\\\/\\\/danielricardogonzalez.com\\\/en\\\/#website\"},\"primaryImageOfPage\":{\"@id\":\"https:\\\/\\\/danielricardogonzalez.com\\\/produkt\\\/salon-de-television\\\/#primaryimage\"},\"image\":{\"@id\":\"https:\\\/\\\/danielricardogonzalez.com\\\/produkt\\\/salon-de-television\\\/#primaryimage\"},\"thumbnailUrl\":\"https:\\\/\\\/danielricardogonzalez.com\\\/wp-content\\\/uploads\\\/2021\\\/01\\\/SALON-DE-TELEVISION-CASA-ALONSO-\u00a9-Daniel-Ricardo-Gonzalez.jpg\",\"datePublished\":\"2021-02-13T21:17:26+00:00\",\"dateModified\":\"2022-04-09T16:24:26+00:00\",\"breadcrumb\":{\"@id\":\"https:\\\/\\\/danielricardogonzalez.com\\\/produkt\\\/salon-de-television\\\/#breadcrumb\"},\"inLanguage\":\"en-GB\",\"potentialAction\":[{\"@type\":\"ReadAction\",\"target\":[\"https:\\\/\\\/danielricardogonzalez.com\\\/produkt\\\/salon-de-television\\\/\"]}]},{\"@type\":\"ImageObject\",\"inLanguage\":\"en-GB\",\"@id\":\"https:\\\/\\\/danielricardogonzalez.com\\\/produkt\\\/salon-de-television\\\/#primaryimage\",\"url\":\"https:\\\/\\\/danielricardogonzalez.com\\\/wp-content\\\/uploads\\\/2021\\\/01\\\/SALON-DE-TELEVISION-CASA-ALONSO-\u00a9-Daniel-Ricardo-Gonzalez.jpg\",\"contentUrl\":\"https:\\\/\\\/danielricardogonzalez.com\\\/wp-content\\\/uploads\\\/2021\\\/01\\\/SALON-DE-TELEVISION-CASA-ALONSO-\u00a9-Daniel-Ricardo-Gonzalez.jpg\",\"width\":1291,\"height\":1936,\"caption\":\"2018, 40 x 60 cm | 60 x 90 cm | 80 x 120 cm | 100 x 150 cm | Museumsglas | Edition 10 + 1 AP\"},{\"@type\":\"BreadcrumbList\",\"@id\":\"https:\\\/\\\/danielricardogonzalez.com\\\/produkt\\\/salon-de-television\\\/#breadcrumb\",\"itemListElement\":[{\"@type\":\"ListItem\",\"position\":1,\"name\":\"Startseite\",\"item\":\"https:\\\/\\\/danielricardogonzalez.com\\\/en\\\/\"},{\"@type\":\"ListItem\",\"position\":2,\"name\":\"SHOP\",\"item\":\"https:\\\/\\\/danielricardogonzalez.com\\\/en\\\/shop-2\\\/\"},{\"@type\":\"ListItem\",\"position\":3,\"name\":\"SAL\u00d3N DE TELEVISI\u00d3N\"}]},{\"@type\":\"WebSite\",\"@id\":\"https:\\\/\\\/danielricardogonzalez.com\\\/en\\\/#website\",\"url\":\"https:\\\/\\\/danielricardogonzalez.com\\\/en\\\/\",\"name\":\"Daniel Ricardo Gonz\u00e1lez\",\"description\":\"The son of a Spaniard and a half-French woman. His great talent is to abduct the viewer into magical lost places through his photographs.\",\"publisher\":{\"@id\":\"https:\\\/\\\/danielricardogonzalez.com\\\/en\\\/#organization\"},\"potentialAction\":[{\"@type\":\"SearchAction\",\"target\":{\"@type\":\"EntryPoint\",\"urlTemplate\":\"https:\\\/\\\/danielricardogonzalez.com\\\/en\\\/?s={search_term_string}\"},\"query-input\":{\"@type\":\"PropertyValueSpecification\",\"valueRequired\":true,\"valueName\":\"search_term_string\"}}],\"inLanguage\":\"en-GB\"},{\"@type\":\"Organization\",\"@id\":\"https:\\\/\\\/danielricardogonzalez.com\\\/en\\\/#organization\",\"name\":\"Daniel Ricardo Gonz\u00e1lez\",\"url\":\"https:\\\/\\\/danielricardogonzalez.com\\\/en\\\/\",\"logo\":{\"@type\":\"ImageObject\",\"inLanguage\":\"en-GB\",\"@id\":\"https:\\\/\\\/danielricardogonzalez.com\\\/en\\\/#\\\/schema\\\/logo\\\/image\\\/\",\"url\":\"https:\\\/\\\/danielricardogonzalez.com\\\/wp-content\\\/uploads\\\/2022\\\/09\\\/COCINA-III-CASA-ALONSO-\u00a9-Daniel-Ricardo-Gonzalez.jpg\",\"contentUrl\":\"https:\\\/\\\/danielricardogonzalez.com\\\/wp-content\\\/uploads\\\/2022\\\/09\\\/COCINA-III-CASA-ALONSO-\u00a9-Daniel-Ricardo-Gonzalez.jpg\",\"width\":1731,\"height\":1154,\"caption\":\"Daniel Ricardo Gonz\u00e1lez\"},\"image\":{\"@id\":\"https:\\\/\\\/danielricardogonzalez.com\\\/en\\\/#\\\/schema\\\/logo\\\/image\\\/\"}}]}<\/script>\n<!-- \/ Yoast SEO plugin. -->","yoast_head_json":{"title":"SAL\u00d3N DE TELEVISI\u00d3N - Daniel Ricardo Gonz\u00e1lez","robots":{"index":"index","follow":"follow","max-snippet":"max-snippet:-1","max-image-preview":"max-image-preview:large","max-video-preview":"max-video-preview:-1"},"canonical":"https:\/\/danielricardogonzalez.com\/en\/produkt\/salon-de-television\/","og_locale":"en_GB","og_type":"article","og_title":"SAL\u00d3N DE TELEVISI\u00d3N - Daniel Ricardo Gonz\u00e1lez","og_description":"When the nearly 90 years old Cuban woman Josie Alonso opened the door for Daniel Ricardo Gonz\u00e1lez his dream as a photographer came true. This legendary colonial style villa in Havana was built in 1929 by the late vice president of the Camag\u00fcey Railways and has been owned by the Alonso family ever since.  Through his camera Daniel immersed himself into this architectural magic in the spring of 2018. During the time he spent at \u201cCasa Alonso\u201d he photographed its beguiling beauty. The photo series \u201cCasa Alonso\u201d pays homage to the transience of beauty as well as the charm of morbidity. As we look at the photographs of \u201cCasa Alonso\u201d we figuratively stroll through this house while being enchanted by its colors and details\u2026and it is almost as if we can even sense the smells.","og_url":"https:\/\/danielricardogonzalez.com\/en\/produkt\/salon-de-television\/","og_site_name":"Daniel Ricardo Gonz\u00e1lez","article_modified_time":"2022-04-09T16:24:26+00:00","og_image":[{"width":1291,"height":1936,"url":"https:\/\/danielricardogonzalez.com\/wp-content\/uploads\/2021\/01\/SALON-DE-TELEVISION-CASA-ALONSO-\u00a9-Daniel-Ricardo-Gonzalez.jpg","type":"image\/jpeg"}],"twitter_card":"summary_large_image","twitter_misc":{"Estimated reading time":"1 minute"},"schema":{"@context":"https:\/\/schema.org","@graph":[{"@type":"WebPage","@id":"https:\/\/danielricardogonzalez.com\/produkt\/salon-de-television\/","url":"https:\/\/danielricardogonzalez.com\/produkt\/salon-de-television\/","name":"SAL\u00d3N DE TELEVISI\u00d3N - Daniel Ricardo Gonz\u00e1lez","isPartOf":{"@id":"https:\/\/danielricardogonzalez.com\/en\/#website"},"primaryImageOfPage":{"@id":"https:\/\/danielricardogonzalez.com\/produkt\/salon-de-television\/#primaryimage"},"image":{"@id":"https:\/\/danielricardogonzalez.com\/produkt\/salon-de-television\/#primaryimage"},"thumbnailUrl":"https:\/\/danielricardogonzalez.com\/wp-content\/uploads\/2021\/01\/SALON-DE-TELEVISION-CASA-ALONSO-\u00a9-Daniel-Ricardo-Gonzalez.jpg","datePublished":"2021-02-13T21:17:26+00:00","dateModified":"2022-04-09T16:24:26+00:00","breadcrumb":{"@id":"https:\/\/danielricardogonzalez.com\/produkt\/salon-de-television\/#breadcrumb"},"inLanguage":"en-GB","potentialAction":[{"@type":"ReadAction","target":["https:\/\/danielricardogonzalez.com\/produkt\/salon-de-television\/"]}]},{"@type":"ImageObject","inLanguage":"en-GB","@id":"https:\/\/danielricardogonzalez.com\/produkt\/salon-de-television\/#primaryimage","url":"https:\/\/danielricardogonzalez.com\/wp-content\/uploads\/2021\/01\/SALON-DE-TELEVISION-CASA-ALONSO-\u00a9-Daniel-Ricardo-Gonzalez.jpg","contentUrl":"https:\/\/danielricardogonzalez.com\/wp-content\/uploads\/2021\/01\/SALON-DE-TELEVISION-CASA-ALONSO-\u00a9-Daniel-Ricardo-Gonzalez.jpg","width":1291,"height":1936,"caption":"2018, 40 x 60 cm | 60 x 90 cm | 80 x 120 cm | 100 x 150 cm | Museumsglas | Edition 10 + 1 AP"},{"@type":"BreadcrumbList","@id":"https:\/\/danielricardogonzalez.com\/produkt\/salon-de-television\/#breadcrumb","itemListElement":[{"@type":"ListItem","position":1,"name":"Startseite","item":"https:\/\/danielricardogonzalez.com\/en\/"},{"@type":"ListItem","position":2,"name":"SHOP","item":"https:\/\/danielricardogonzalez.com\/en\/shop-2\/"},{"@type":"ListItem","position":3,"name":"SAL\u00d3N DE TELEVISI\u00d3N"}]},{"@type":"WebSite","@id":"https:\/\/danielricardogonzalez.com\/en\/#website","url":"https:\/\/danielricardogonzalez.com\/en\/","name":"Daniel Ricardo Gonz\u00e1lez","description":"The son of a Spaniard and a half-French woman. His great talent is to abduct the viewer into magical lost places through his photographs.","publisher":{"@id":"https:\/\/danielricardogonzalez.com\/en\/#organization"},"potentialAction":[{"@type":"SearchAction","target":{"@type":"EntryPoint","urlTemplate":"https:\/\/danielricardogonzalez.com\/en\/?s={search_term_string}"},"query-input":{"@type":"PropertyValueSpecification","valueRequired":true,"valueName":"search_term_string"}}],"inLanguage":"en-GB"},{"@type":"Organization","@id":"https:\/\/danielricardogonzalez.com\/en\/#organization","name":"Daniel Ricardo Gonz\u00e1lez","url":"https:\/\/danielricardogonzalez.com\/en\/","logo":{"@type":"ImageObject","inLanguage":"en-GB","@id":"https:\/\/danielricardogonzalez.com\/en\/#\/schema\/logo\/image\/","url":"https:\/\/danielricardogonzalez.com\/wp-content\/uploads\/2022\/09\/COCINA-III-CASA-ALONSO-\u00a9-Daniel-Ricardo-Gonzalez.jpg","contentUrl":"https:\/\/danielricardogonzalez.com\/wp-content\/uploads\/2022\/09\/COCINA-III-CASA-ALONSO-\u00a9-Daniel-Ricardo-Gonzalez.jpg","width":1731,"height":1154,"caption":"Daniel Ricardo Gonz\u00e1lez"},"image":{"@id":"https:\/\/danielricardogonzalez.com\/en\/#\/schema\/logo\/image\/"}}]}},"_links":{"self":[{"href":"https:\/\/danielricardogonzalez.com\/en\/wp-json\/wp\/v2\/product\/4508","targetHints":{"allow":["GET"]}}],"collection":[{"href":"https:\/\/danielricardogonzalez.com\/en\/wp-json\/wp\/v2\/product"}],"about":[{"href":"https:\/\/danielricardogonzalez.com\/en\/wp-json\/wp\/v2\/types\/product"}],"wp:featuredmedia":[{"embeddable":true,"href":"https:\/\/danielricardogonzalez.com\/en\/wp-json\/wp\/v2\/media\/2816"}],"wp:attachment":[{"href":"https:\/\/danielricardogonzalez.com\/en\/wp-json\/wp\/v2\/media?parent=4508"}],"wp:term":[{"taxonomy":"product_brand","embeddable":true,"href":"https:\/\/danielricardogonzalez.com\/en\/wp-json\/wp\/v2\/product_brand?post=4508"},{"taxonomy":"product_cat","embeddable":true,"href":"https:\/\/danielricardogonzalez.com\/en\/wp-json\/wp\/v2\/product_cat?post=4508"},{"taxonomy":"product_tag","embeddable":true,"href":"https:\/\/danielricardogonzalez.com\/en\/wp-json\/wp\/v2\/product_tag?post=4508"}],"curies":[{"name":"wp","href":"https:\/\/api.w.org\/{rel}","templated":true}]}}