{"id":4470,"date":"2021-02-13T22:00:32","date_gmt":"2021-02-13T21:00:32","guid":{"rendered":"https:\/\/danielricardogonzalez.com\/?post_type=product&#038;p=4470"},"modified":"2021-06-05T23:09:54","modified_gmt":"2021-06-05T21:09:54","slug":"schloss-neuschwanstein","status":"publish","type":"product","link":"https:\/\/danielricardogonzalez.com\/en\/produkt\/schloss-neuschwanstein\/","title":{"rendered":"SCHLOSS NEUSCHWANSTEIN IM NEBEL"},"content":{"rendered":"<p>Limited edition<\/p>\n<p>Delivery time:<\/p>\n<ul>\n<li>Textile print 10 working days<\/li>\n<li>Alu-Dibond slim-framed 10 working days<\/li>\n<li>Museum glass Ultra-Sec 30 working days<\/li>\n<\/ul>\n<p>&nbsp;<\/p>\n","protected":false},"excerpt":{"rendered":"<p>\u201cGreat and wonderful are your works, Lord Almighty God!\u201d Revelation 15: 3<\/p>\n<p>Let yourself be enchanted by these wonderful pictures of mountains and landscapes.<br \/>\nDaniel Ricardo Gonz\u00e1lez &amp; Immanuel Rapp love to explore creation and to go on a photo tour together.<\/p>\n","protected":false},"featured_media":3812,"template":"","meta":[],"product_brand":[],"product_cat":[74],"product_tag":[],"class_list":{"0":"post-4470","1":"product","2":"type-product","3":"status-publish","4":"has-post-thumbnail","6":"product_cat-landscape","7":"product_shipping_class-eu-countries-5-of-the-shopping-cart-value","9":"first","10":"instock","11":"taxable","12":"shipping-taxable","13":"purchasable","14":"product-type-variable"},"yoast_head":"<!-- This site is optimized with the Yoast SEO plugin v27.4 - https:\/\/yoast.com\/product\/yoast-seo-wordpress\/ -->\n<title>SCHLOSS NEUSCHWANSTEIN IM NEBEL<\/title>\n<meta name=\"robots\" content=\"index, follow, max-snippet:-1, max-image-preview:large, max-video-preview:-1\" \/>\n<link rel=\"canonical\" href=\"https:\/\/danielricardogonzalez.com\/en\/produkt\/schloss-neuschwanstein\/\" \/>\n<meta property=\"og:locale\" content=\"en_GB\" \/>\n<meta property=\"og:type\" content=\"article\" \/>\n<meta property=\"og:title\" content=\"SCHLOSS NEUSCHWANSTEIN IM NEBEL\" \/>\n<meta property=\"og:description\" content=\"\u201cGreat and wonderful are your works, Lord Almighty God!\u201d Revelation 15: 3  Let yourself be enchanted by these wonderful pictures of mountains and landscapes. Daniel Ricardo Gonz\u00e1lez &amp; Immanuel Rapp love to explore creation and to go on a photo tour together.\" \/>\n<meta property=\"og:url\" content=\"https:\/\/danielricardogonzalez.com\/en\/produkt\/schloss-neuschwanstein\/\" \/>\n<meta property=\"og:site_name\" content=\"Daniel Ricardo Gonz\u00e1lez\" \/>\n<meta property=\"article:modified_time\" content=\"2021-06-05T21:09:54+00:00\" \/>\n<meta property=\"og:image\" content=\"https:\/\/danielricardogonzalez.com\/wp-content\/uploads\/2021\/02\/neuschwanstein-sunset-\u00a9-Immanuel-Rapp.jpg\" \/>\n\t<meta property=\"og:image:width\" content=\"1293\" \/>\n\t<meta property=\"og:image:height\" content=\"1933\" \/>\n\t<meta property=\"og:image:type\" content=\"image\/jpeg\" \/>\n<meta name=\"twitter:card\" content=\"summary_large_image\" \/>\n<meta name=\"twitter:label1\" content=\"Estimated reading time\" \/>\n\t<meta name=\"twitter:data1\" content=\"1 minute\" \/>\n<script type=\"application\/ld+json\" class=\"yoast-schema-graph\">{\"@context\":\"https:\\\/\\\/schema.org\",\"@graph\":[{\"@type\":\"WebPage\",\"@id\":\"https:\\\/\\\/danielricardogonzalez.com\\\/en\\\/produkt\\\/schloss-neuschwanstein\\\/\",\"url\":\"https:\\\/\\\/danielricardogonzalez.com\\\/en\\\/produkt\\\/schloss-neuschwanstein\\\/\",\"name\":\"SCHLOSS NEUSCHWANSTEIN IM NEBEL\",\"isPartOf\":{\"@id\":\"https:\\\/\\\/danielricardogonzalez.com\\\/en\\\/#website\"},\"primaryImageOfPage\":{\"@id\":\"https:\\\/\\\/danielricardogonzalez.com\\\/en\\\/produkt\\\/schloss-neuschwanstein\\\/#primaryimage\"},\"image\":{\"@id\":\"https:\\\/\\\/danielricardogonzalez.com\\\/en\\\/produkt\\\/schloss-neuschwanstein\\\/#primaryimage\"},\"thumbnailUrl\":\"https:\\\/\\\/danielricardogonzalez.com\\\/wp-content\\\/uploads\\\/2021\\\/02\\\/neuschwanstein-sunset-\u00a9-Immanuel-Rapp.jpg\",\"datePublished\":\"2021-02-13T21:00:32+00:00\",\"dateModified\":\"2021-06-05T21:09:54+00:00\",\"breadcrumb\":{\"@id\":\"https:\\\/\\\/danielricardogonzalez.com\\\/en\\\/produkt\\\/schloss-neuschwanstein\\\/#breadcrumb\"},\"inLanguage\":\"en-GB\",\"potentialAction\":[{\"@type\":\"ReadAction\",\"target\":[\"https:\\\/\\\/danielricardogonzalez.com\\\/en\\\/produkt\\\/schloss-neuschwanstein\\\/\"]}]},{\"@type\":\"ImageObject\",\"inLanguage\":\"en-GB\",\"@id\":\"https:\\\/\\\/danielricardogonzalez.com\\\/en\\\/produkt\\\/schloss-neuschwanstein\\\/#primaryimage\",\"url\":\"https:\\\/\\\/danielricardogonzalez.com\\\/wp-content\\\/uploads\\\/2021\\\/02\\\/neuschwanstein-sunset-\u00a9-Immanuel-Rapp.jpg\",\"contentUrl\":\"https:\\\/\\\/danielricardogonzalez.com\\\/wp-content\\\/uploads\\\/2021\\\/02\\\/neuschwanstein-sunset-\u00a9-Immanuel-Rapp.jpg\",\"width\":1293,\"height\":1933,\"caption\":\"Schloss Neuschwanstein im Nebel F\u00fcssen im s\u00fcd\u00f6stlichen Bayern Hohenschwangau Allg\u00e4u K\u00f6nig Ludwig II Castle in the Fog in South-Eastern Bavaria King Ludwig II\"},{\"@type\":\"BreadcrumbList\",\"@id\":\"https:\\\/\\\/danielricardogonzalez.com\\\/en\\\/produkt\\\/schloss-neuschwanstein\\\/#breadcrumb\",\"itemListElement\":[{\"@type\":\"ListItem\",\"position\":1,\"name\":\"Startseite\",\"item\":\"https:\\\/\\\/danielricardogonzalez.com\\\/en\\\/\"},{\"@type\":\"ListItem\",\"position\":2,\"name\":\"SHOP\",\"item\":\"https:\\\/\\\/danielricardogonzalez.com\\\/en\\\/shop-2\\\/\"},{\"@type\":\"ListItem\",\"position\":3,\"name\":\"SCHLOSS NEUSCHWANSTEIN IM NEBEL\"}]},{\"@type\":\"WebSite\",\"@id\":\"https:\\\/\\\/danielricardogonzalez.com\\\/en\\\/#website\",\"url\":\"https:\\\/\\\/danielricardogonzalez.com\\\/en\\\/\",\"name\":\"Daniel Ricardo Gonz\u00e1lez\",\"description\":\"The son of a Spaniard and a half-French woman. His great talent is to abduct the viewer into magical lost places through his photographs.\",\"publisher\":{\"@id\":\"https:\\\/\\\/danielricardogonzalez.com\\\/en\\\/#organization\"},\"potentialAction\":[{\"@type\":\"SearchAction\",\"target\":{\"@type\":\"EntryPoint\",\"urlTemplate\":\"https:\\\/\\\/danielricardogonzalez.com\\\/en\\\/?s={search_term_string}\"},\"query-input\":{\"@type\":\"PropertyValueSpecification\",\"valueRequired\":true,\"valueName\":\"search_term_string\"}}],\"inLanguage\":\"en-GB\"},{\"@type\":\"Organization\",\"@id\":\"https:\\\/\\\/danielricardogonzalez.com\\\/en\\\/#organization\",\"name\":\"Daniel Ricardo Gonz\u00e1lez\",\"url\":\"https:\\\/\\\/danielricardogonzalez.com\\\/en\\\/\",\"logo\":{\"@type\":\"ImageObject\",\"inLanguage\":\"en-GB\",\"@id\":\"https:\\\/\\\/danielricardogonzalez.com\\\/en\\\/#\\\/schema\\\/logo\\\/image\\\/\",\"url\":\"https:\\\/\\\/danielricardogonzalez.com\\\/wp-content\\\/uploads\\\/2022\\\/09\\\/COCINA-III-CASA-ALONSO-\u00a9-Daniel-Ricardo-Gonzalez.jpg\",\"contentUrl\":\"https:\\\/\\\/danielricardogonzalez.com\\\/wp-content\\\/uploads\\\/2022\\\/09\\\/COCINA-III-CASA-ALONSO-\u00a9-Daniel-Ricardo-Gonzalez.jpg\",\"width\":1731,\"height\":1154,\"caption\":\"Daniel Ricardo Gonz\u00e1lez\"},\"image\":{\"@id\":\"https:\\\/\\\/danielricardogonzalez.com\\\/en\\\/#\\\/schema\\\/logo\\\/image\\\/\"}}]}<\/script>\n<!-- \/ Yoast SEO plugin. -->","yoast_head_json":{"title":"SCHLOSS NEUSCHWANSTEIN IM NEBEL","robots":{"index":"index","follow":"follow","max-snippet":"max-snippet:-1","max-image-preview":"max-image-preview:large","max-video-preview":"max-video-preview:-1"},"canonical":"https:\/\/danielricardogonzalez.com\/en\/produkt\/schloss-neuschwanstein\/","og_locale":"en_GB","og_type":"article","og_title":"SCHLOSS NEUSCHWANSTEIN IM NEBEL","og_description":"\u201cGreat and wonderful are your works, Lord Almighty God!\u201d Revelation 15: 3  Let yourself be enchanted by these wonderful pictures of mountains and landscapes. Daniel Ricardo Gonz\u00e1lez &amp; Immanuel Rapp love to explore creation and to go on a photo tour together.","og_url":"https:\/\/danielricardogonzalez.com\/en\/produkt\/schloss-neuschwanstein\/","og_site_name":"Daniel Ricardo Gonz\u00e1lez","article_modified_time":"2021-06-05T21:09:54+00:00","og_image":[{"width":1293,"height":1933,"url":"https:\/\/danielricardogonzalez.com\/wp-content\/uploads\/2021\/02\/neuschwanstein-sunset-\u00a9-Immanuel-Rapp.jpg","type":"image\/jpeg"}],"twitter_card":"summary_large_image","twitter_misc":{"Estimated reading time":"1 minute"},"schema":{"@context":"https:\/\/schema.org","@graph":[{"@type":"WebPage","@id":"https:\/\/danielricardogonzalez.com\/en\/produkt\/schloss-neuschwanstein\/","url":"https:\/\/danielricardogonzalez.com\/en\/produkt\/schloss-neuschwanstein\/","name":"SCHLOSS NEUSCHWANSTEIN IM NEBEL","isPartOf":{"@id":"https:\/\/danielricardogonzalez.com\/en\/#website"},"primaryImageOfPage":{"@id":"https:\/\/danielricardogonzalez.com\/en\/produkt\/schloss-neuschwanstein\/#primaryimage"},"image":{"@id":"https:\/\/danielricardogonzalez.com\/en\/produkt\/schloss-neuschwanstein\/#primaryimage"},"thumbnailUrl":"https:\/\/danielricardogonzalez.com\/wp-content\/uploads\/2021\/02\/neuschwanstein-sunset-\u00a9-Immanuel-Rapp.jpg","datePublished":"2021-02-13T21:00:32+00:00","dateModified":"2021-06-05T21:09:54+00:00","breadcrumb":{"@id":"https:\/\/danielricardogonzalez.com\/en\/produkt\/schloss-neuschwanstein\/#breadcrumb"},"inLanguage":"en-GB","potentialAction":[{"@type":"ReadAction","target":["https:\/\/danielricardogonzalez.com\/en\/produkt\/schloss-neuschwanstein\/"]}]},{"@type":"ImageObject","inLanguage":"en-GB","@id":"https:\/\/danielricardogonzalez.com\/en\/produkt\/schloss-neuschwanstein\/#primaryimage","url":"https:\/\/danielricardogonzalez.com\/wp-content\/uploads\/2021\/02\/neuschwanstein-sunset-\u00a9-Immanuel-Rapp.jpg","contentUrl":"https:\/\/danielricardogonzalez.com\/wp-content\/uploads\/2021\/02\/neuschwanstein-sunset-\u00a9-Immanuel-Rapp.jpg","width":1293,"height":1933,"caption":"Schloss Neuschwanstein im Nebel F\u00fcssen im s\u00fcd\u00f6stlichen Bayern Hohenschwangau Allg\u00e4u K\u00f6nig Ludwig II Castle in the Fog in South-Eastern Bavaria King Ludwig II"},{"@type":"BreadcrumbList","@id":"https:\/\/danielricardogonzalez.com\/en\/produkt\/schloss-neuschwanstein\/#breadcrumb","itemListElement":[{"@type":"ListItem","position":1,"name":"Startseite","item":"https:\/\/danielricardogonzalez.com\/en\/"},{"@type":"ListItem","position":2,"name":"SHOP","item":"https:\/\/danielricardogonzalez.com\/en\/shop-2\/"},{"@type":"ListItem","position":3,"name":"SCHLOSS NEUSCHWANSTEIN IM NEBEL"}]},{"@type":"WebSite","@id":"https:\/\/danielricardogonzalez.com\/en\/#website","url":"https:\/\/danielricardogonzalez.com\/en\/","name":"Daniel Ricardo Gonz\u00e1lez","description":"The son of a Spaniard and a half-French woman. His great talent is to abduct the viewer into magical lost places through his photographs.","publisher":{"@id":"https:\/\/danielricardogonzalez.com\/en\/#organization"},"potentialAction":[{"@type":"SearchAction","target":{"@type":"EntryPoint","urlTemplate":"https:\/\/danielricardogonzalez.com\/en\/?s={search_term_string}"},"query-input":{"@type":"PropertyValueSpecification","valueRequired":true,"valueName":"search_term_string"}}],"inLanguage":"en-GB"},{"@type":"Organization","@id":"https:\/\/danielricardogonzalez.com\/en\/#organization","name":"Daniel Ricardo Gonz\u00e1lez","url":"https:\/\/danielricardogonzalez.com\/en\/","logo":{"@type":"ImageObject","inLanguage":"en-GB","@id":"https:\/\/danielricardogonzalez.com\/en\/#\/schema\/logo\/image\/","url":"https:\/\/danielricardogonzalez.com\/wp-content\/uploads\/2022\/09\/COCINA-III-CASA-ALONSO-\u00a9-Daniel-Ricardo-Gonzalez.jpg","contentUrl":"https:\/\/danielricardogonzalez.com\/wp-content\/uploads\/2022\/09\/COCINA-III-CASA-ALONSO-\u00a9-Daniel-Ricardo-Gonzalez.jpg","width":1731,"height":1154,"caption":"Daniel Ricardo Gonz\u00e1lez"},"image":{"@id":"https:\/\/danielricardogonzalez.com\/en\/#\/schema\/logo\/image\/"}}]}},"_links":{"self":[{"href":"https:\/\/danielricardogonzalez.com\/en\/wp-json\/wp\/v2\/product\/4470","targetHints":{"allow":["GET"]}}],"collection":[{"href":"https:\/\/danielricardogonzalez.com\/en\/wp-json\/wp\/v2\/product"}],"about":[{"href":"https:\/\/danielricardogonzalez.com\/en\/wp-json\/wp\/v2\/types\/product"}],"wp:featuredmedia":[{"embeddable":true,"href":"https:\/\/danielricardogonzalez.com\/en\/wp-json\/wp\/v2\/media\/3812"}],"wp:attachment":[{"href":"https:\/\/danielricardogonzalez.com\/en\/wp-json\/wp\/v2\/media?parent=4470"}],"wp:term":[{"taxonomy":"product_brand","embeddable":true,"href":"https:\/\/danielricardogonzalez.com\/en\/wp-json\/wp\/v2\/product_brand?post=4470"},{"taxonomy":"product_cat","embeddable":true,"href":"https:\/\/danielricardogonzalez.com\/en\/wp-json\/wp\/v2\/product_cat?post=4470"},{"taxonomy":"product_tag","embeddable":true,"href":"https:\/\/danielricardogonzalez.com\/en\/wp-json\/wp\/v2\/product_tag?post=4470"}],"curies":[{"name":"wp","href":"https:\/\/api.w.org\/{rel}","templated":true}]}}