{"id":3939,"date":"2021-02-06T17:04:06","date_gmt":"2021-02-06T16:04:06","guid":{"rendered":"https:\/\/danielricardogonzalez.com\/?page_id=3939"},"modified":"2021-03-01T15:04:27","modified_gmt":"2021-03-01T14:04:27","slug":"revocation","status":"publish","type":"page","link":"https:\/\/danielricardogonzalez.com\/en\/revocation\/","title":{"rendered":"REVOCATION"},"content":{"rendered":"\t\t<div data-elementor-type=\"wp-post\" data-elementor-id=\"3939\" class=\"elementor elementor-3939\">\n\t\t\t\t\t\t<section class=\"jarallax lazyload elementor-section elementor-top-section elementor-element elementor-element-dc4f68b elementor-section-boxed elementor-section-height-default elementor-section-height-default\" data-jarallax=\"\" data-speed=\"0.75\" data-type=\"scroll\" data-parallax=\"scroll\" style=\"background-image:url(&quot;https:\/\/danielricardogonzalez.com\/wp-content\/uploads\/2021\/01\/Morgendaemmerung-bei-den-3-Zinnen-Sextner-Dolomiten-Suedtirol-I-H.jpg&quot;);\" data-image-src=\"https:\/\/danielricardogonzalez.com\/wp-content\/uploads\/2021\/01\/Morgendaemmerung-bei-den-3-Zinnen-Sextner-Dolomiten-Suedtirol-I-H.jpg\" data-id=\"dc4f68b\" data-element_type=\"section\" data-e-type=\"section\" data-settings=\"{&quot;background_background&quot;:&quot;classic&quot;}\">\n\t\t\t\t\t\t\t<div class=\"elementor-background-overlay\"><\/div>\n\t\t\t\t\t\t\t<div class=\"elementor-container elementor-column-gap-narrow\">\n\t\t\t\t\t<div class=\"elementor-column elementor-col-100 elementor-top-column elementor-element elementor-element-5509dd2\" data-id=\"5509dd2\" data-element_type=\"column\" data-e-type=\"column\">\n\t\t\t<div class=\"elementor-widget-wrap elementor-element-populated\">\n\t\t\t\t\t\t<div class=\"elementor-element elementor-element-2c62237 section-align-center subtitle-style-sidelines section-size-default elementor-widget elementor-widget-section-heading\" data-id=\"2c62237\" data-element_type=\"widget\" data-e-type=\"widget\" data-widget_type=\"section-heading.default\">\n\t\t\t\t<div class=\"elementor-widget-container\">\n\t\t\t\t\t<div class=\"section-heading headingstyle-subtitle\"><h5 class=\"entry-sub-title section-sub-title\">revocation<\/h5><div class=\"section-title-wrapper\"><h1 class=\"entry-title section-title\"><\/h1><\/div><\/div>\t\t\t\t<\/div>\n\t\t\t\t<\/div>\n\t\t\t\t\t<\/div>\n\t\t<\/div>\n\t\t\t\t\t<\/div>\n\t\t<\/section>\n\t\t\t\t<section class=\"elementor-section elementor-top-section elementor-element elementor-element-5920c39 elementor-section-boxed elementor-section-height-default elementor-section-height-default\" data-id=\"5920c39\" data-element_type=\"section\" data-e-type=\"section\">\n\t\t\t\t\t\t<div class=\"elementor-container elementor-column-gap-default\">\n\t\t\t\t\t<div class=\"elementor-column elementor-col-100 elementor-top-column elementor-element elementor-element-2bc23bb\" data-id=\"2bc23bb\" data-element_type=\"column\" data-e-type=\"column\">\n\t\t\t<div class=\"elementor-widget-wrap elementor-element-populated\">\n\t\t\t\t\t\t<div class=\"elementor-element elementor-element-20dea4a elementor-widget elementor-widget-spacer\" data-id=\"20dea4a\" data-element_type=\"widget\" data-e-type=\"widget\" data-widget_type=\"spacer.default\">\n\t\t\t\t<div class=\"elementor-widget-container\">\n\t\t\t\t\t\t\t<div class=\"elementor-spacer\">\n\t\t\t<div class=\"elementor-spacer-inner\"><\/div>\n\t\t<\/div>\n\t\t\t\t\t\t<\/div>\n\t\t\t\t<\/div>\n\t\t\t\t\t<\/div>\n\t\t<\/div>\n\t\t\t\t\t<\/div>\n\t\t<\/section>\n\t\t\t\t<section class=\"elementor-section elementor-top-section elementor-element elementor-element-40c4ed7 elementor-section-boxed elementor-section-height-default elementor-section-height-default\" data-id=\"40c4ed7\" data-element_type=\"section\" data-e-type=\"section\">\n\t\t\t\t\t\t<div class=\"elementor-container elementor-column-gap-default\">\n\t\t\t\t\t<div class=\"elementor-column elementor-col-100 elementor-top-column elementor-element elementor-element-bdce30a\" data-id=\"bdce30a\" data-element_type=\"column\" data-e-type=\"column\">\n\t\t\t<div class=\"elementor-widget-wrap elementor-element-populated\">\n\t\t\t\t\t\t<div class=\"elementor-element elementor-element-8eece0e elementor-widget elementor-widget-text-editor\" data-id=\"8eece0e\" data-element_type=\"widget\" data-e-type=\"widget\" data-widget_type=\"text-editor.default\">\n\t\t\t\t<div class=\"elementor-widget-container\">\n\t\t\t\t\t\t\t\t\t<h5 id=\"post-828\" class=\"post-828 page type-page status-publish hentry\" style=\"text-align: center;\"><span style=\"color: #808080;\"><strong>Widerrufsbelehrung<\/strong><\/span><\/h5><div style=\"text-align: center;\">\u00a0<\/div><div class=\"post-828 page type-page status-publish hentry\" style=\"text-align: center;\"><p><span style=\"color: #808080;\">Verbraucher ist jede nat\u00fcrliche Person, die ein Rechtsgesch\u00e4ft zu Zwecken abschlie\u00dft, die \u00fcberwiegend weder ihrer gewerblichen noch ihrer selbst\u00e4ndigen beruflichen T\u00e4tigkeit zugerechnet werden k\u00f6nnen.<\/span><\/p><h5><span style=\"color: #808080;\"><strong>Widerrufsrecht<\/strong><\/span><\/h5><p><span style=\"color: #808080;\">Sie haben das Recht, binnen vierzehn Tagen ohne Angabe von Gr\u00fcnden diesen Vertrag zu widerrufen. Die Widerrufsfrist betr\u00e4gt vierzehn Tage ab dem Tag, an dem Sie oder ein von Ihnen benannter Dritter, der nicht der Bef\u00f6rderer ist, die Waren in Besitz genommen haben bzw. hat. Um Ihr Widerrufsrecht auszu\u00fcben, m\u00fcssen Sie uns mittels einer eindeutigen Erkl\u00e4rung (z.B. ein mit der Post versandter Brief oder E-Mail) \u00fcber Ihren Entschluss, diesen Vertrag zu widerrufen, informieren. Zur Wahrung der Widerrufsfrist reicht es aus, dass Sie die Mitteilung \u00fcber die Aus\u00fcbung des Widerrufsrechts vor Ablauf der Widerrufsfrist absenden.<\/span><\/p><p><span style=\"color: #808080;\"><strong>FOLGEN DES WIDERRUFS<\/strong><\/span><\/p><\/div><div class=\"post-828 page type-page status-publish hentry\"><p style=\"text-align: center;\"><span style=\"color: #808080;\">Wenn Sie diesen Vertrag widerrufen, haben wir Ihnen alle Zahlungen, die wir von Ihnen erhalten haben, einschlie\u00dflich der Lieferkosten unverz\u00fcglich und sp\u00e4testens binnen vierzehn Tagen ab dem Tag zur\u00fcckzuzahlen, an dem die Mitteilung \u00fcber Ihren Widerruf dieses Vertrags bei uns eingegangen ist. F\u00fcr diese R\u00fcckzahlung verwenden wir dasselbe Zahlungsmittel, das Sie bei der urspr\u00fcnglichen Transaktion eingesetzt haben, es sei denn, mit Ihnen wurde ausdr\u00fccklich etwas anderes vereinbart; in keinem Fall werden Ihnen wegen dieser R\u00fcckzahlung Entgelte berechnet. Wir k\u00f6nnen die R\u00fcckzahlung verweigern, bis wir die Waren wieder zur\u00fcckerhalten haben oder bis Sie den Nachweis erbracht haben, dass Sie die Waren zur\u00fcckgesandt haben, je nachdem, welches der fr\u00fchere Zeitpunkt ist. Sie haben die Waren unverz\u00fcglich und in jedem Fall sp\u00e4testens binnen vierzehn Tagen ab dem Tag, an dem Sie uns \u00fcber den Widerruf dieses Vertrags unterrichten, an uns zur\u00fcckzusenden oder zu \u00fcbergeben. Die Frist ist gewahrt, wenn Sie die Waren vor Ablauf der Frist von vierzehn Tagen absenden.Sie tragen die unmittelbaren Kosten der R\u00fccksendung der Waren.<\/span><br \/><span style=\"color: #808080;\">Sie m\u00fcssen f\u00fcr einen etwaigen Wertverlust der Waren nur aufkommen, wenn dieser Wertverlust auf einen zur Pr\u00fcfung der Beschaffenheit, Eigenschaften und Funktionsweise der Waren nicht notwendigen Umgang mit ihnen zur\u00fcckzuf\u00fchren ist.<\/span><\/p><h5 style=\"text-align: center;\"><span style=\"color: #808080;\">Ausschluss bzw. vorzeitiges Erl\u00f6schen des Widerrufsrechts<\/span><\/h5><p style=\"text-align: center;\"><span style=\"color: #808080;\">Das Widerrufsrecht besteht nicht bei Vertr\u00e4gen<\/span><\/p><ul style=\"text-align: center;\"><li><span style=\"color: #808080;\">zur Lieferung von Waren, die nicht vorgefertigt sind und f\u00fcr deren Herstellung eine individuelle Auswahl oder Bestimmung durch den Verbraucher ma\u00dfgeblich ist oder die eindeutig auf die pers\u00f6nlichen Bed\u00fcrfnisse des Verbrauchers zugeschnitten sind<\/span><\/li><\/ul><h5 style=\"text-align: center;\"><span style=\"color: #808080;\">R\u00fccksendungen<\/span><\/h5><p style=\"text-align: center;\"><span style=\"color: #808080;\">Die in diesem Abschnitt \u201eR\u00fccksendungen\u201c genannten Modalit\u00e4ten sind nicht Voraussetzung f\u00fcr die wirksame Aus\u00fcbung des Widerrufsrechts gem. dem Abschnitt \u201eBelehrung \u00fcber das Widerrufsrecht f\u00fcr Verbraucher\u201c.<\/span><\/p><p style=\"text-align: center;\"><span style=\"color: #808080;\">Kunden werden vor R\u00fccksendung gebeten die R\u00fccksendung beim Verk\u00e4ufer zu melden um die R\u00fccksendung anzuk\u00fcndigen. Auf diese Weise erm\u00f6glichen sie dem Verk\u00e4ufer eine schnellstm\u00f6gliche Zuordnung der Produkte.<\/span><\/p><p style=\"text-align: center;\"><span style=\"color: #808080;\">Kunden werden gebeten Besch\u00e4digungen oder Verunreinigungen der Ware zu vermeiden. Die Ware sollte nach M\u00f6glichkeit in Originalverpackung mit s\u00e4mtlichem Zubeh\u00f6r an den Verk\u00e4ufer zur\u00fcck gesendet werden. Ist die Originalverpackung nicht mehr im Besitz des K\u00e4ufers, sollte eine andere geeigneten Verpackung verwendet werden, um f\u00fcr einen ausreichenden Schutz vor Transportsch\u00e4den zu sorgen und etwaige Schadensersatzanspr\u00fcche wegen Besch\u00e4digungen infolge mangelhafter Verpackung zu vermeiden.<\/span><\/p><\/div>\t\t\t\t\t\t\t\t<\/div>\n\t\t\t\t<\/div>\n\t\t\t\t\t<\/div>\n\t\t<\/div>\n\t\t\t\t\t<\/div>\n\t\t<\/section>\n\t\t\t\t<\/div>\n\t\t","protected":false},"excerpt":{"rendered":"<p>revocation Widerrufsbelehrung \u00a0 Verbraucher ist jede nat\u00fcrliche Person, die ein Rechtsgesch\u00e4ft zu Zwecken abschlie\u00dft, die \u00fcberwiegend weder ihrer gewerblichen noch ihrer selbst\u00e4ndigen beruflichen T\u00e4tigkeit zugerechnet werden k\u00f6nnen. Widerrufsrecht Sie haben das Recht, binnen vierzehn Tagen ohne Angabe von Gr\u00fcnden diesen Vertrag zu widerrufen. Die Widerrufsfrist betr\u00e4gt vierzehn Tage ab dem Tag, an dem Sie oder ein von Ihnen benannter Dritter, der nicht der Bef\u00f6rderer ist, die Waren in Besitz genommen haben bzw. hat. Um Ihr Widerrufsrecht auszu\u00fcben, m\u00fcssen Sie uns [&hellip;]<\/p>\n","protected":false},"author":4,"featured_media":0,"parent":0,"menu_order":0,"comment_status":"closed","ping_status":"closed","template":"","meta":{"footnotes":""},"class_list":["post-3939","page","type-page","status-publish","hentry"],"yoast_head":"<!-- This site is optimized with the Yoast SEO plugin v27.3 - https:\/\/yoast.com\/product\/yoast-seo-wordpress\/ -->\n<title>REVOCATION - Daniel Ricardo Gonz\u00e1lez<\/title>\n<meta name=\"robots\" content=\"index, follow, max-snippet:-1, max-image-preview:large, max-video-preview:-1\" \/>\n<link rel=\"canonical\" href=\"https:\/\/danielricardogonzalez.com\/en\/revocation\/\" \/>\n<meta property=\"og:locale\" content=\"en_GB\" \/>\n<meta property=\"og:type\" content=\"article\" \/>\n<meta property=\"og:title\" content=\"REVOCATION - Daniel Ricardo Gonz\u00e1lez\" \/>\n<meta property=\"og:description\" content=\"revocation Widerrufsbelehrung \u00a0 Verbraucher ist jede nat\u00fcrliche Person, die ein Rechtsgesch\u00e4ft zu Zwecken abschlie\u00dft, die \u00fcberwiegend weder ihrer gewerblichen noch ihrer selbst\u00e4ndigen beruflichen T\u00e4tigkeit zugerechnet werden k\u00f6nnen. Widerrufsrecht Sie haben das Recht, binnen vierzehn Tagen ohne Angabe von Gr\u00fcnden diesen Vertrag zu widerrufen. Die Widerrufsfrist betr\u00e4gt vierzehn Tage ab dem Tag, an dem Sie oder ein von Ihnen benannter Dritter, der nicht der Bef\u00f6rderer ist, die Waren in Besitz genommen haben bzw. hat. Um Ihr Widerrufsrecht auszu\u00fcben, m\u00fcssen Sie uns [&hellip;]\" \/>\n<meta property=\"og:url\" content=\"https:\/\/danielricardogonzalez.com\/en\/revocation\/\" \/>\n<meta property=\"og:site_name\" content=\"Daniel Ricardo Gonz\u00e1lez\" \/>\n<meta property=\"article:modified_time\" content=\"2021-03-01T14:04:27+00:00\" \/>\n<meta name=\"twitter:card\" content=\"summary_large_image\" \/>\n<meta name=\"twitter:label1\" content=\"Estimated reading time\" \/>\n\t<meta name=\"twitter:data1\" content=\"3 minutes\" \/>\n<script type=\"application\/ld+json\" class=\"yoast-schema-graph\">{\"@context\":\"https:\\\/\\\/schema.org\",\"@graph\":[{\"@type\":\"WebPage\",\"@id\":\"https:\\\/\\\/danielricardogonzalez.com\\\/en\\\/revocation\\\/\",\"url\":\"https:\\\/\\\/danielricardogonzalez.com\\\/en\\\/revocation\\\/\",\"name\":\"REVOCATION - Daniel Ricardo Gonz\u00e1lez\",\"isPartOf\":{\"@id\":\"https:\\\/\\\/danielricardogonzalez.com\\\/en\\\/#website\"},\"datePublished\":\"2021-02-06T16:04:06+00:00\",\"dateModified\":\"2021-03-01T14:04:27+00:00\",\"breadcrumb\":{\"@id\":\"https:\\\/\\\/danielricardogonzalez.com\\\/en\\\/revocation\\\/#breadcrumb\"},\"inLanguage\":\"en-GB\",\"potentialAction\":[{\"@type\":\"ReadAction\",\"target\":[\"https:\\\/\\\/danielricardogonzalez.com\\\/en\\\/revocation\\\/\"]}]},{\"@type\":\"BreadcrumbList\",\"@id\":\"https:\\\/\\\/danielricardogonzalez.com\\\/en\\\/revocation\\\/#breadcrumb\",\"itemListElement\":[{\"@type\":\"ListItem\",\"position\":1,\"name\":\"Startseite\",\"item\":\"https:\\\/\\\/danielricardogonzalez.com\\\/en\\\/\"},{\"@type\":\"ListItem\",\"position\":2,\"name\":\"REVOCATION\"}]},{\"@type\":\"WebSite\",\"@id\":\"https:\\\/\\\/danielricardogonzalez.com\\\/en\\\/#website\",\"url\":\"https:\\\/\\\/danielricardogonzalez.com\\\/en\\\/\",\"name\":\"Daniel Ricardo Gonz\u00e1lez\",\"description\":\"The son of a Spaniard and a half-French woman. His great talent is to abduct the viewer into magical lost places through his photographs.\",\"publisher\":{\"@id\":\"https:\\\/\\\/danielricardogonzalez.com\\\/en\\\/#organization\"},\"potentialAction\":[{\"@type\":\"SearchAction\",\"target\":{\"@type\":\"EntryPoint\",\"urlTemplate\":\"https:\\\/\\\/danielricardogonzalez.com\\\/en\\\/?s={search_term_string}\"},\"query-input\":{\"@type\":\"PropertyValueSpecification\",\"valueRequired\":true,\"valueName\":\"search_term_string\"}}],\"inLanguage\":\"en-GB\"},{\"@type\":\"Organization\",\"@id\":\"https:\\\/\\\/danielricardogonzalez.com\\\/en\\\/#organization\",\"name\":\"Daniel Ricardo Gonz\u00e1lez\",\"url\":\"https:\\\/\\\/danielricardogonzalez.com\\\/en\\\/\",\"logo\":{\"@type\":\"ImageObject\",\"inLanguage\":\"en-GB\",\"@id\":\"https:\\\/\\\/danielricardogonzalez.com\\\/en\\\/#\\\/schema\\\/logo\\\/image\\\/\",\"url\":\"https:\\\/\\\/danielricardogonzalez.com\\\/wp-content\\\/uploads\\\/2022\\\/09\\\/COCINA-III-CASA-ALONSO-\u00a9-Daniel-Ricardo-Gonzalez.jpg\",\"contentUrl\":\"https:\\\/\\\/danielricardogonzalez.com\\\/wp-content\\\/uploads\\\/2022\\\/09\\\/COCINA-III-CASA-ALONSO-\u00a9-Daniel-Ricardo-Gonzalez.jpg\",\"width\":1731,\"height\":1154,\"caption\":\"Daniel Ricardo Gonz\u00e1lez\"},\"image\":{\"@id\":\"https:\\\/\\\/danielricardogonzalez.com\\\/en\\\/#\\\/schema\\\/logo\\\/image\\\/\"}}]}<\/script>\n<!-- \/ Yoast SEO plugin. -->","yoast_head_json":{"title":"REVOCATION - Daniel Ricardo Gonz\u00e1lez","robots":{"index":"index","follow":"follow","max-snippet":"max-snippet:-1","max-image-preview":"max-image-preview:large","max-video-preview":"max-video-preview:-1"},"canonical":"https:\/\/danielricardogonzalez.com\/en\/revocation\/","og_locale":"en_GB","og_type":"article","og_title":"REVOCATION - Daniel Ricardo Gonz\u00e1lez","og_description":"revocation Widerrufsbelehrung \u00a0 Verbraucher ist jede nat\u00fcrliche Person, die ein Rechtsgesch\u00e4ft zu Zwecken abschlie\u00dft, die \u00fcberwiegend weder ihrer gewerblichen noch ihrer selbst\u00e4ndigen beruflichen T\u00e4tigkeit zugerechnet werden k\u00f6nnen. Widerrufsrecht Sie haben das Recht, binnen vierzehn Tagen ohne Angabe von Gr\u00fcnden diesen Vertrag zu widerrufen. Die Widerrufsfrist betr\u00e4gt vierzehn Tage ab dem Tag, an dem Sie oder ein von Ihnen benannter Dritter, der nicht der Bef\u00f6rderer ist, die Waren in Besitz genommen haben bzw. hat. Um Ihr Widerrufsrecht auszu\u00fcben, m\u00fcssen Sie uns [&hellip;]","og_url":"https:\/\/danielricardogonzalez.com\/en\/revocation\/","og_site_name":"Daniel Ricardo Gonz\u00e1lez","article_modified_time":"2021-03-01T14:04:27+00:00","twitter_card":"summary_large_image","twitter_misc":{"Estimated reading time":"3 minutes"},"schema":{"@context":"https:\/\/schema.org","@graph":[{"@type":"WebPage","@id":"https:\/\/danielricardogonzalez.com\/en\/revocation\/","url":"https:\/\/danielricardogonzalez.com\/en\/revocation\/","name":"REVOCATION - Daniel Ricardo Gonz\u00e1lez","isPartOf":{"@id":"https:\/\/danielricardogonzalez.com\/en\/#website"},"datePublished":"2021-02-06T16:04:06+00:00","dateModified":"2021-03-01T14:04:27+00:00","breadcrumb":{"@id":"https:\/\/danielricardogonzalez.com\/en\/revocation\/#breadcrumb"},"inLanguage":"en-GB","potentialAction":[{"@type":"ReadAction","target":["https:\/\/danielricardogonzalez.com\/en\/revocation\/"]}]},{"@type":"BreadcrumbList","@id":"https:\/\/danielricardogonzalez.com\/en\/revocation\/#breadcrumb","itemListElement":[{"@type":"ListItem","position":1,"name":"Startseite","item":"https:\/\/danielricardogonzalez.com\/en\/"},{"@type":"ListItem","position":2,"name":"REVOCATION"}]},{"@type":"WebSite","@id":"https:\/\/danielricardogonzalez.com\/en\/#website","url":"https:\/\/danielricardogonzalez.com\/en\/","name":"Daniel Ricardo Gonz\u00e1lez","description":"The son of a Spaniard and a half-French woman. His great talent is to abduct the viewer into magical lost places through his photographs.","publisher":{"@id":"https:\/\/danielricardogonzalez.com\/en\/#organization"},"potentialAction":[{"@type":"SearchAction","target":{"@type":"EntryPoint","urlTemplate":"https:\/\/danielricardogonzalez.com\/en\/?s={search_term_string}"},"query-input":{"@type":"PropertyValueSpecification","valueRequired":true,"valueName":"search_term_string"}}],"inLanguage":"en-GB"},{"@type":"Organization","@id":"https:\/\/danielricardogonzalez.com\/en\/#organization","name":"Daniel Ricardo Gonz\u00e1lez","url":"https:\/\/danielricardogonzalez.com\/en\/","logo":{"@type":"ImageObject","inLanguage":"en-GB","@id":"https:\/\/danielricardogonzalez.com\/en\/#\/schema\/logo\/image\/","url":"https:\/\/danielricardogonzalez.com\/wp-content\/uploads\/2022\/09\/COCINA-III-CASA-ALONSO-\u00a9-Daniel-Ricardo-Gonzalez.jpg","contentUrl":"https:\/\/danielricardogonzalez.com\/wp-content\/uploads\/2022\/09\/COCINA-III-CASA-ALONSO-\u00a9-Daniel-Ricardo-Gonzalez.jpg","width":1731,"height":1154,"caption":"Daniel Ricardo Gonz\u00e1lez"},"image":{"@id":"https:\/\/danielricardogonzalez.com\/en\/#\/schema\/logo\/image\/"}}]}},"_links":{"self":[{"href":"https:\/\/danielricardogonzalez.com\/en\/wp-json\/wp\/v2\/pages\/3939","targetHints":{"allow":["GET"]}}],"collection":[{"href":"https:\/\/danielricardogonzalez.com\/en\/wp-json\/wp\/v2\/pages"}],"about":[{"href":"https:\/\/danielricardogonzalez.com\/en\/wp-json\/wp\/v2\/types\/page"}],"author":[{"embeddable":true,"href":"https:\/\/danielricardogonzalez.com\/en\/wp-json\/wp\/v2\/users\/4"}],"replies":[{"embeddable":true,"href":"https:\/\/danielricardogonzalez.com\/en\/wp-json\/wp\/v2\/comments?post=3939"}],"version-history":[{"count":13,"href":"https:\/\/danielricardogonzalez.com\/en\/wp-json\/wp\/v2\/pages\/3939\/revisions"}],"predecessor-version":[{"id":5478,"href":"https:\/\/danielricardogonzalez.com\/en\/wp-json\/wp\/v2\/pages\/3939\/revisions\/5478"}],"wp:attachment":[{"href":"https:\/\/danielricardogonzalez.com\/en\/wp-json\/wp\/v2\/media?parent=3939"}],"curies":[{"name":"wp","href":"https:\/\/api.w.org\/{rel}","templated":true}]}}