{"id":9410,"date":"2023-05-20T12:15:51","date_gmt":"2023-05-20T10:15:51","guid":{"rendered":"https:\/\/danielricardogonzalez.com\/?post_type=product&#038;p=9410"},"modified":"2023-10-30T17:21:07","modified_gmt":"2023-10-30T16:21:07","slug":"six-feet-above","status":"publish","type":"product","link":"https:\/\/danielricardogonzalez.com\/de\/produkt\/six-feet-above\/","title":{"rendered":"Six Feet Above"},"content":{"rendered":"<h5><b><span lang=\"EN-GB\" style=\"font-size: 12pt; font-family: 'Open Sans', sans-serif;\"><br \/>\nSix feet above, 2023, Limited Edition<\/span><\/b><\/h5>\n<p>30 x 45 cm | Fine Art Print | Edition 50 + 3 AP<br \/>\n50 x 75 cm | Fine Art Print | Edition 25 + 3 AP<br \/>\n93 x 140 cm | Liquid Gloss | Edition 7 + 3 AP<\/p>\n<p>Kunstdrucke k\u00f6nnen auf Wunsch auch gerahmt oder mit Passepartout versehen werden.<\/p>\n<p>Lieferzeit:<\/p>\n<ul>\n<li>Liquid-Gloss Alu-Dibond 40 Arbeitstage<\/li>\n<li>Fine Art Print 10 Arbeitstage<\/li>\n<\/ul>","protected":false},"excerpt":{"rendered":"<p>Six Feet Above&#8230;<\/p>\n<p>\u2026l\u00e4dt uns ein, \u00fcber das Zusammenspiel der Elemente sowie unsere tiefsten Sehns\u00fcchte und \u00c4ngste nachzudenken.\nEs fordert uns auf, das Unbekannte kennenzulernen, uns damit auseinanderzusetzen und mutige Spr\u00fcnge in die unerforschten Gew\u00e4sser unserer Vorstellungskraft zu wagen.<\/p>\n<p>Selbst, wenn wir zwischen den Welten der Realit\u00e4t und der Illusion schweben, k\u00f6nnen wir immer noch die Sch\u00f6nheit im Tanz der Tr\u00e4ume und der Widerstandsf\u00e4higkeit des Lebens finden.<\/p>\n<p>\u201cWer immer nur tut, was er schon kann,\nbleibt immer nur das, was er schon ist.\u201d<\/p>\n<ul>\n<li>Henry Ford<\/li>\n<\/ul>","protected":false},"featured_media":9836,"template":"","meta":[],"product_brand":[],"product_cat":[72],"product_tag":[],"class_list":{"0":"post-9410","1":"product","2":"type-product","3":"status-publish","4":"has-post-thumbnail","6":"product_cat-fragments-of-a-forgotten-symphony","7":"product_shipping_class-eu-countries-5-of-the-shopping-cart-value","9":"first","10":"instock","11":"taxable","12":"shipping-taxable","13":"purchasable","14":"product-type-variable"},"yoast_head":"<!-- This site is optimized with the Yoast SEO plugin v27.4 - https:\/\/yoast.com\/product\/yoast-seo-wordpress\/ -->\n<title>Six Feet Above - Daniel Ricardo Gonz\u00e1lez<\/title>\n<meta name=\"robots\" content=\"index, follow, max-snippet:-1, max-image-preview:large, max-video-preview:-1\" \/>\n<link rel=\"canonical\" href=\"https:\/\/danielricardogonzalez.com\/de\/produkt\/six-feet-above\/\" \/>\n<meta property=\"og:locale\" content=\"de_DE\" \/>\n<meta property=\"og:type\" content=\"article\" \/>\n<meta property=\"og:title\" content=\"Six Feet Above - Daniel Ricardo Gonz\u00e1lez\" \/>\n<meta property=\"og:description\" content=\"Six Feet Above...  ...invites us to contemplate the interplay of elements as well as our deepest desires and fears. It urges us to get to know the unknown, engage with it, and take brave leaps into the uncharted waters of our imagination.  Even as we hover between the realms of reality and illusion, we can still find beauty in the dance of dreams and the resilience of life.  &quot;Anyone who only does what they already can, remains only what they already are.&quot;   Henry Ford\" \/>\n<meta property=\"og:url\" content=\"https:\/\/danielricardogonzalez.com\/de\/produkt\/six-feet-above\/\" \/>\n<meta property=\"og:site_name\" content=\"Daniel Ricardo Gonz\u00e1lez\" \/>\n<meta property=\"article:modified_time\" content=\"2023-10-30T16:21:07+00:00\" \/>\n<meta property=\"og:image\" content=\"https:\/\/danielricardogonzalez.com\/wp-content\/uploads\/2023\/10\/Six-Feet-Above-Fragments-Of-A-Forgotten-Symphony-\u00a9-Kindle-Gonzalez.jpg\" \/>\n\t<meta property=\"og:image:width\" content=\"1152\" \/>\n\t<meta property=\"og:image:height\" content=\"1734\" \/>\n\t<meta property=\"og:image:type\" content=\"image\/jpeg\" \/>\n<meta name=\"twitter:card\" content=\"summary_large_image\" \/>\n<meta name=\"twitter:label1\" content=\"Gesch\u00e4tzte Lesezeit\" \/>\n\t<meta name=\"twitter:data1\" content=\"1\u00a0Minute\" \/>\n<script type=\"application\/ld+json\" class=\"yoast-schema-graph\">{\"@context\":\"https:\\\/\\\/schema.org\",\"@graph\":[{\"@type\":\"WebPage\",\"@id\":\"https:\\\/\\\/danielricardogonzalez.com\\\/produkt\\\/six-feet-above\\\/\",\"url\":\"https:\\\/\\\/danielricardogonzalez.com\\\/produkt\\\/six-feet-above\\\/\",\"name\":\"Six Feet Above - Daniel Ricardo Gonz\u00e1lez\",\"isPartOf\":{\"@id\":\"https:\\\/\\\/danielricardogonzalez.com\\\/en\\\/#website\"},\"primaryImageOfPage\":{\"@id\":\"https:\\\/\\\/danielricardogonzalez.com\\\/produkt\\\/six-feet-above\\\/#primaryimage\"},\"image\":{\"@id\":\"https:\\\/\\\/danielricardogonzalez.com\\\/produkt\\\/six-feet-above\\\/#primaryimage\"},\"thumbnailUrl\":\"https:\\\/\\\/danielricardogonzalez.com\\\/wp-content\\\/uploads\\\/2023\\\/10\\\/Six-Feet-Above-Fragments-Of-A-Forgotten-Symphony-\u00a9-Kindle-Gonzalez.jpg\",\"datePublished\":\"2023-05-20T10:15:51+00:00\",\"dateModified\":\"2023-10-30T16:21:07+00:00\",\"breadcrumb\":{\"@id\":\"https:\\\/\\\/danielricardogonzalez.com\\\/produkt\\\/six-feet-above\\\/#breadcrumb\"},\"inLanguage\":\"de\",\"potentialAction\":[{\"@type\":\"ReadAction\",\"target\":[\"https:\\\/\\\/danielricardogonzalez.com\\\/produkt\\\/six-feet-above\\\/\"]}]},{\"@type\":\"ImageObject\",\"inLanguage\":\"de\",\"@id\":\"https:\\\/\\\/danielricardogonzalez.com\\\/produkt\\\/six-feet-above\\\/#primaryimage\",\"url\":\"https:\\\/\\\/danielricardogonzalez.com\\\/wp-content\\\/uploads\\\/2023\\\/10\\\/Six-Feet-Above-Fragments-Of-A-Forgotten-Symphony-\u00a9-Kindle-Gonzalez.jpg\",\"contentUrl\":\"https:\\\/\\\/danielricardogonzalez.com\\\/wp-content\\\/uploads\\\/2023\\\/10\\\/Six-Feet-Above-Fragments-Of-A-Forgotten-Symphony-\u00a9-Kindle-Gonzalez.jpg\",\"width\":1152,\"height\":1734,\"caption\":\"2023, 93 x 140 cm | Liquid Gloss | Edition 7 + 3 AP\"},{\"@type\":\"BreadcrumbList\",\"@id\":\"https:\\\/\\\/danielricardogonzalez.com\\\/produkt\\\/six-feet-above\\\/#breadcrumb\",\"itemListElement\":[{\"@type\":\"ListItem\",\"position\":1,\"name\":\"Startseite\",\"item\":\"https:\\\/\\\/danielricardogonzalez.com\\\/en\\\/\"},{\"@type\":\"ListItem\",\"position\":2,\"name\":\"SHOP\",\"item\":\"https:\\\/\\\/danielricardogonzalez.com\\\/en\\\/shop-2\\\/\"},{\"@type\":\"ListItem\",\"position\":3,\"name\":\"Six Feet Above\"}]},{\"@type\":\"WebSite\",\"@id\":\"https:\\\/\\\/danielricardogonzalez.com\\\/en\\\/#website\",\"url\":\"https:\\\/\\\/danielricardogonzalez.com\\\/en\\\/\",\"name\":\"Daniel Ricardo Gonz\u00e1lez\",\"description\":\"The son of a Spaniard and a half-French woman. His great talent is to abduct the viewer into magical lost places through his photographs.\",\"publisher\":{\"@id\":\"https:\\\/\\\/danielricardogonzalez.com\\\/en\\\/#organization\"},\"potentialAction\":[{\"@type\":\"SearchAction\",\"target\":{\"@type\":\"EntryPoint\",\"urlTemplate\":\"https:\\\/\\\/danielricardogonzalez.com\\\/en\\\/?s={search_term_string}\"},\"query-input\":{\"@type\":\"PropertyValueSpecification\",\"valueRequired\":true,\"valueName\":\"search_term_string\"}}],\"inLanguage\":\"de\"},{\"@type\":\"Organization\",\"@id\":\"https:\\\/\\\/danielricardogonzalez.com\\\/en\\\/#organization\",\"name\":\"Daniel Ricardo Gonz\u00e1lez\",\"url\":\"https:\\\/\\\/danielricardogonzalez.com\\\/en\\\/\",\"logo\":{\"@type\":\"ImageObject\",\"inLanguage\":\"de\",\"@id\":\"https:\\\/\\\/danielricardogonzalez.com\\\/en\\\/#\\\/schema\\\/logo\\\/image\\\/\",\"url\":\"https:\\\/\\\/danielricardogonzalez.com\\\/wp-content\\\/uploads\\\/2022\\\/09\\\/COCINA-III-CASA-ALONSO-\u00a9-Daniel-Ricardo-Gonzalez.jpg\",\"contentUrl\":\"https:\\\/\\\/danielricardogonzalez.com\\\/wp-content\\\/uploads\\\/2022\\\/09\\\/COCINA-III-CASA-ALONSO-\u00a9-Daniel-Ricardo-Gonzalez.jpg\",\"width\":1731,\"height\":1154,\"caption\":\"Daniel Ricardo Gonz\u00e1lez\"},\"image\":{\"@id\":\"https:\\\/\\\/danielricardogonzalez.com\\\/en\\\/#\\\/schema\\\/logo\\\/image\\\/\"}}]}<\/script>\n<!-- \/ Yoast SEO plugin. -->","yoast_head_json":{"title":"Six Feet Above - Daniel Ricardo Gonz\u00e1lez","robots":{"index":"index","follow":"follow","max-snippet":"max-snippet:-1","max-image-preview":"max-image-preview:large","max-video-preview":"max-video-preview:-1"},"canonical":"https:\/\/danielricardogonzalez.com\/de\/produkt\/six-feet-above\/","og_locale":"de_DE","og_type":"article","og_title":"Six Feet Above - Daniel Ricardo Gonz\u00e1lez","og_description":"Six Feet Above...  ...invites us to contemplate the interplay of elements as well as our deepest desires and fears. It urges us to get to know the unknown, engage with it, and take brave leaps into the uncharted waters of our imagination.  Even as we hover between the realms of reality and illusion, we can still find beauty in the dance of dreams and the resilience of life.  \"Anyone who only does what they already can, remains only what they already are.\"   Henry Ford","og_url":"https:\/\/danielricardogonzalez.com\/de\/produkt\/six-feet-above\/","og_site_name":"Daniel Ricardo Gonz\u00e1lez","article_modified_time":"2023-10-30T16:21:07+00:00","og_image":[{"width":1152,"height":1734,"url":"https:\/\/danielricardogonzalez.com\/wp-content\/uploads\/2023\/10\/Six-Feet-Above-Fragments-Of-A-Forgotten-Symphony-\u00a9-Kindle-Gonzalez.jpg","type":"image\/jpeg"}],"twitter_card":"summary_large_image","twitter_misc":{"Gesch\u00e4tzte Lesezeit":"1\u00a0Minute"},"schema":{"@context":"https:\/\/schema.org","@graph":[{"@type":"WebPage","@id":"https:\/\/danielricardogonzalez.com\/produkt\/six-feet-above\/","url":"https:\/\/danielricardogonzalez.com\/produkt\/six-feet-above\/","name":"Six Feet Above - Daniel Ricardo Gonz\u00e1lez","isPartOf":{"@id":"https:\/\/danielricardogonzalez.com\/en\/#website"},"primaryImageOfPage":{"@id":"https:\/\/danielricardogonzalez.com\/produkt\/six-feet-above\/#primaryimage"},"image":{"@id":"https:\/\/danielricardogonzalez.com\/produkt\/six-feet-above\/#primaryimage"},"thumbnailUrl":"https:\/\/danielricardogonzalez.com\/wp-content\/uploads\/2023\/10\/Six-Feet-Above-Fragments-Of-A-Forgotten-Symphony-\u00a9-Kindle-Gonzalez.jpg","datePublished":"2023-05-20T10:15:51+00:00","dateModified":"2023-10-30T16:21:07+00:00","breadcrumb":{"@id":"https:\/\/danielricardogonzalez.com\/produkt\/six-feet-above\/#breadcrumb"},"inLanguage":"de","potentialAction":[{"@type":"ReadAction","target":["https:\/\/danielricardogonzalez.com\/produkt\/six-feet-above\/"]}]},{"@type":"ImageObject","inLanguage":"de","@id":"https:\/\/danielricardogonzalez.com\/produkt\/six-feet-above\/#primaryimage","url":"https:\/\/danielricardogonzalez.com\/wp-content\/uploads\/2023\/10\/Six-Feet-Above-Fragments-Of-A-Forgotten-Symphony-\u00a9-Kindle-Gonzalez.jpg","contentUrl":"https:\/\/danielricardogonzalez.com\/wp-content\/uploads\/2023\/10\/Six-Feet-Above-Fragments-Of-A-Forgotten-Symphony-\u00a9-Kindle-Gonzalez.jpg","width":1152,"height":1734,"caption":"2023, 93 x 140 cm | Liquid Gloss | Edition 7 + 3 AP"},{"@type":"BreadcrumbList","@id":"https:\/\/danielricardogonzalez.com\/produkt\/six-feet-above\/#breadcrumb","itemListElement":[{"@type":"ListItem","position":1,"name":"Startseite","item":"https:\/\/danielricardogonzalez.com\/en\/"},{"@type":"ListItem","position":2,"name":"SHOP","item":"https:\/\/danielricardogonzalez.com\/en\/shop-2\/"},{"@type":"ListItem","position":3,"name":"Six Feet Above"}]},{"@type":"WebSite","@id":"https:\/\/danielricardogonzalez.com\/en\/#website","url":"https:\/\/danielricardogonzalez.com\/en\/","name":"Daniel Ricardo Gonz\u00e1lez","description":"The son of a Spaniard and a half-French woman. His great talent is to abduct the viewer into magical lost places through his photographs.","publisher":{"@id":"https:\/\/danielricardogonzalez.com\/en\/#organization"},"potentialAction":[{"@type":"SearchAction","target":{"@type":"EntryPoint","urlTemplate":"https:\/\/danielricardogonzalez.com\/en\/?s={search_term_string}"},"query-input":{"@type":"PropertyValueSpecification","valueRequired":true,"valueName":"search_term_string"}}],"inLanguage":"de"},{"@type":"Organization","@id":"https:\/\/danielricardogonzalez.com\/en\/#organization","name":"Daniel Ricardo Gonz\u00e1lez","url":"https:\/\/danielricardogonzalez.com\/en\/","logo":{"@type":"ImageObject","inLanguage":"de","@id":"https:\/\/danielricardogonzalez.com\/en\/#\/schema\/logo\/image\/","url":"https:\/\/danielricardogonzalez.com\/wp-content\/uploads\/2022\/09\/COCINA-III-CASA-ALONSO-\u00a9-Daniel-Ricardo-Gonzalez.jpg","contentUrl":"https:\/\/danielricardogonzalez.com\/wp-content\/uploads\/2022\/09\/COCINA-III-CASA-ALONSO-\u00a9-Daniel-Ricardo-Gonzalez.jpg","width":1731,"height":1154,"caption":"Daniel Ricardo Gonz\u00e1lez"},"image":{"@id":"https:\/\/danielricardogonzalez.com\/en\/#\/schema\/logo\/image\/"}}]}},"_links":{"self":[{"href":"https:\/\/danielricardogonzalez.com\/de\/wp-json\/wp\/v2\/product\/9410","targetHints":{"allow":["GET"]}}],"collection":[{"href":"https:\/\/danielricardogonzalez.com\/de\/wp-json\/wp\/v2\/product"}],"about":[{"href":"https:\/\/danielricardogonzalez.com\/de\/wp-json\/wp\/v2\/types\/product"}],"wp:featuredmedia":[{"embeddable":true,"href":"https:\/\/danielricardogonzalez.com\/de\/wp-json\/wp\/v2\/media\/9836"}],"wp:attachment":[{"href":"https:\/\/danielricardogonzalez.com\/de\/wp-json\/wp\/v2\/media?parent=9410"}],"wp:term":[{"taxonomy":"product_brand","embeddable":true,"href":"https:\/\/danielricardogonzalez.com\/de\/wp-json\/wp\/v2\/product_brand?post=9410"},{"taxonomy":"product_cat","embeddable":true,"href":"https:\/\/danielricardogonzalez.com\/de\/wp-json\/wp\/v2\/product_cat?post=9410"},{"taxonomy":"product_tag","embeddable":true,"href":"https:\/\/danielricardogonzalez.com\/de\/wp-json\/wp\/v2\/product_tag?post=9410"}],"curies":[{"name":"wp","href":"https:\/\/api.w.org\/{rel}","templated":true}]}}