{"id":5342,"date":"2021-02-26T22:30:12","date_gmt":"2021-02-26T21:30:12","guid":{"rendered":"https:\/\/danielricardogonzalez.com\/?post_type=product&#038;p=5342"},"modified":"2021-06-07T22:21:14","modified_gmt":"2021-06-07T20:21:14","slug":"dormitorio-azur-iii","status":"publish","type":"product","link":"https:\/\/danielricardogonzalez.com\/de\/produkt\/dormitorio-azur-iii\/","title":{"rendered":"DORMITORIO AZUR III"},"content":{"rendered":"<p>Limitierte Auflage<\/p>\n<p>Lieferzeit:<\/p>\n<ul>\n<li>Textildruck 10 Arbeitstage<\/li>\n<li>Alu-Dibond schlank gerahmt 10 Arbeitstage<\/li>\n<li>Museumsglas Ultra-Sec 30 Arbeitstage<\/li>\n<\/ul>\n<p>&nbsp;<\/p>","protected":false},"excerpt":{"rendered":"<p class=\"translation-block\">Als die fast 90-j\u00e4hrige Kubanerin Josie Alonso ihm die T\u00fcre \u00f6ffnete, erf\u00fcllte sich f\u00fcr Daniel Ricardo Gonz\u00e1lez ein Fotografen-Traum. Er durfte nun \u2013 begleitet von der Bewohnerin der Villa \u2013 eintauchen in einen Mythos. 1929 lie\u00df sich \u00d3scar Alonso, damaliger Vizepr\u00e4sident der Camag\u00fcey-Bahnen, diese Villa im heute legend\u00e4ren Kolonialstil in Havanna erbauen, welche sich seither im Familienbesitz befindet.<\/p>\n<p>Through his camera Daniel immersed himself into this architectural magic in the spring of 2018. During the time he spent at \u201cCasa Alonso\u201d he photographed its beguiling beauty. The photo series \u201cCasa Alonso\u201d pays homage to the transience of beauty as well as the charm of morbidity. As we look at the photographs of \u201cCasa Alonso\u201d we figuratively stroll through this house while being enchanted by its colors and details\u2026and it is almost as if we can even sense the smells.<\/p>","protected":false},"featured_media":2799,"template":"","meta":[],"product_brand":[],"product_cat":[71],"product_tag":[],"class_list":{"0":"post-5342","1":"product","2":"type-product","3":"status-publish","4":"has-post-thumbnail","6":"product_cat-casa-alonso-a-day-in-havanna","7":"product_shipping_class-eu-countries-5-of-the-shopping-cart-value","9":"first","10":"instock","11":"taxable","12":"shipping-taxable","13":"purchasable","14":"product-type-variable"},"yoast_head":"<!-- This site is optimized with the Yoast SEO plugin v27.3 - https:\/\/yoast.com\/product\/yoast-seo-wordpress\/ -->\n<title>DORMITORIO AZUR III - Daniel Ricardo Gonz\u00e1lez<\/title>\n<meta name=\"robots\" content=\"index, follow, max-snippet:-1, max-image-preview:large, max-video-preview:-1\" \/>\n<link rel=\"canonical\" href=\"https:\/\/danielricardogonzalez.com\/de\/produkt\/dormitorio-azur-iii\/\" \/>\n<meta property=\"og:locale\" content=\"de_DE\" \/>\n<meta property=\"og:type\" content=\"article\" \/>\n<meta property=\"og:title\" content=\"DORMITORIO AZUR III - Daniel Ricardo Gonz\u00e1lez\" \/>\n<meta property=\"og:description\" content=\"When the nearly 90 years old Cuban woman Josie Alonso opened the door for Daniel Ricardo Gonz\u00e1lez his dream as a photographer came true. This legendary colonial style villa in Havana was built in 1929 by the late vice president of the Camag\u00fcey Railways and has been owned by the Alonso family ever since.  Through his camera Daniel immersed himself into this architectural magic in the spring of 2018. During the time he spent at \u201cCasa Alonso\u201d he photographed its beguiling beauty. The photo series \u201cCasa Alonso\u201d pays homage to the transience of beauty as well as the charm of morbidity. As we look at the photographs of \u201cCasa Alonso\u201d we figuratively stroll through this house while being enchanted by its colors and details\u2026and it is almost as if we can even sense the smells.\" \/>\n<meta property=\"og:url\" content=\"https:\/\/danielricardogonzalez.com\/de\/produkt\/dormitorio-azur-iii\/\" \/>\n<meta property=\"og:site_name\" content=\"Daniel Ricardo Gonz\u00e1lez\" \/>\n<meta property=\"article:modified_time\" content=\"2021-06-07T20:21:14+00:00\" \/>\n<meta property=\"og:image\" content=\"https:\/\/danielricardogonzalez.com\/wp-content\/uploads\/2021\/01\/DORMITORIO-AZUR-III-CASA-ALONSO-\u00a9-Daniel-Ricardo-Gonzalez.jpg\" \/>\n\t<meta property=\"og:image:width\" content=\"2236\" \/>\n\t<meta property=\"og:image:height\" content=\"1118\" \/>\n\t<meta property=\"og:image:type\" content=\"image\/jpeg\" \/>\n<meta name=\"twitter:card\" content=\"summary_large_image\" \/>\n<meta name=\"twitter:label1\" content=\"Gesch\u00e4tzte Lesezeit\" \/>\n\t<meta name=\"twitter:data1\" content=\"1\u00a0Minute\" \/>\n<script type=\"application\/ld+json\" class=\"yoast-schema-graph\">{\"@context\":\"https:\\\/\\\/schema.org\",\"@graph\":[{\"@type\":\"WebPage\",\"@id\":\"https:\\\/\\\/danielricardogonzalez.com\\\/en\\\/produkt\\\/dormitorio-azur-iii\\\/\",\"url\":\"https:\\\/\\\/danielricardogonzalez.com\\\/en\\\/produkt\\\/dormitorio-azur-iii\\\/\",\"name\":\"DORMITORIO AZUR III - Daniel Ricardo Gonz\u00e1lez\",\"isPartOf\":{\"@id\":\"https:\\\/\\\/danielricardogonzalez.com\\\/en\\\/#website\"},\"primaryImageOfPage\":{\"@id\":\"https:\\\/\\\/danielricardogonzalez.com\\\/en\\\/produkt\\\/dormitorio-azur-iii\\\/#primaryimage\"},\"image\":{\"@id\":\"https:\\\/\\\/danielricardogonzalez.com\\\/en\\\/produkt\\\/dormitorio-azur-iii\\\/#primaryimage\"},\"thumbnailUrl\":\"https:\\\/\\\/danielricardogonzalez.com\\\/wp-content\\\/uploads\\\/2021\\\/01\\\/DORMITORIO-AZUR-III-CASA-ALONSO-\u00a9-Daniel-Ricardo-Gonzalez.jpg\",\"datePublished\":\"2021-02-26T21:30:12+00:00\",\"dateModified\":\"2021-06-07T20:21:14+00:00\",\"breadcrumb\":{\"@id\":\"https:\\\/\\\/danielricardogonzalez.com\\\/en\\\/produkt\\\/dormitorio-azur-iii\\\/#breadcrumb\"},\"inLanguage\":\"de\",\"potentialAction\":[{\"@type\":\"ReadAction\",\"target\":[\"https:\\\/\\\/danielricardogonzalez.com\\\/en\\\/produkt\\\/dormitorio-azur-iii\\\/\"]}]},{\"@type\":\"ImageObject\",\"inLanguage\":\"de\",\"@id\":\"https:\\\/\\\/danielricardogonzalez.com\\\/en\\\/produkt\\\/dormitorio-azur-iii\\\/#primaryimage\",\"url\":\"https:\\\/\\\/danielricardogonzalez.com\\\/wp-content\\\/uploads\\\/2021\\\/01\\\/DORMITORIO-AZUR-III-CASA-ALONSO-\u00a9-Daniel-Ricardo-Gonzalez.jpg\",\"contentUrl\":\"https:\\\/\\\/danielricardogonzalez.com\\\/wp-content\\\/uploads\\\/2021\\\/01\\\/DORMITORIO-AZUR-III-CASA-ALONSO-\u00a9-Daniel-Ricardo-Gonzalez.jpg\",\"width\":2236,\"height\":1118,\"caption\":\"2018, 60 x 30 cm | 90 x 45 cm | 120 x 60 cm | 150 x 75 cm | Museumsglas | Edition 10 + 1 AP\"},{\"@type\":\"BreadcrumbList\",\"@id\":\"https:\\\/\\\/danielricardogonzalez.com\\\/en\\\/produkt\\\/dormitorio-azur-iii\\\/#breadcrumb\",\"itemListElement\":[{\"@type\":\"ListItem\",\"position\":1,\"name\":\"Startseite\",\"item\":\"https:\\\/\\\/danielricardogonzalez.com\\\/en\\\/\"},{\"@type\":\"ListItem\",\"position\":2,\"name\":\"SHOP\",\"item\":\"https:\\\/\\\/danielricardogonzalez.com\\\/en\\\/shop-2\\\/\"},{\"@type\":\"ListItem\",\"position\":3,\"name\":\"DORMITORIO AZUR III\"}]},{\"@type\":\"WebSite\",\"@id\":\"https:\\\/\\\/danielricardogonzalez.com\\\/en\\\/#website\",\"url\":\"https:\\\/\\\/danielricardogonzalez.com\\\/en\\\/\",\"name\":\"Daniel Ricardo Gonz\u00e1lez\",\"description\":\"The son of a Spaniard and a half-French woman. His great talent is to abduct the viewer into magical lost places through his photographs.\",\"publisher\":{\"@id\":\"https:\\\/\\\/danielricardogonzalez.com\\\/en\\\/#organization\"},\"potentialAction\":[{\"@type\":\"SearchAction\",\"target\":{\"@type\":\"EntryPoint\",\"urlTemplate\":\"https:\\\/\\\/danielricardogonzalez.com\\\/en\\\/?s={search_term_string}\"},\"query-input\":{\"@type\":\"PropertyValueSpecification\",\"valueRequired\":true,\"valueName\":\"search_term_string\"}}],\"inLanguage\":\"de\"},{\"@type\":\"Organization\",\"@id\":\"https:\\\/\\\/danielricardogonzalez.com\\\/en\\\/#organization\",\"name\":\"Daniel Ricardo Gonz\u00e1lez\",\"url\":\"https:\\\/\\\/danielricardogonzalez.com\\\/en\\\/\",\"logo\":{\"@type\":\"ImageObject\",\"inLanguage\":\"de\",\"@id\":\"https:\\\/\\\/danielricardogonzalez.com\\\/en\\\/#\\\/schema\\\/logo\\\/image\\\/\",\"url\":\"https:\\\/\\\/danielricardogonzalez.com\\\/wp-content\\\/uploads\\\/2022\\\/09\\\/COCINA-III-CASA-ALONSO-\u00a9-Daniel-Ricardo-Gonzalez.jpg\",\"contentUrl\":\"https:\\\/\\\/danielricardogonzalez.com\\\/wp-content\\\/uploads\\\/2022\\\/09\\\/COCINA-III-CASA-ALONSO-\u00a9-Daniel-Ricardo-Gonzalez.jpg\",\"width\":1731,\"height\":1154,\"caption\":\"Daniel Ricardo Gonz\u00e1lez\"},\"image\":{\"@id\":\"https:\\\/\\\/danielricardogonzalez.com\\\/en\\\/#\\\/schema\\\/logo\\\/image\\\/\"}}]}<\/script>\n<!-- \/ Yoast SEO plugin. -->","yoast_head_json":{"title":"DORMITORIO AZUR III - Daniel Ricardo Gonz\u00e1lez","robots":{"index":"index","follow":"follow","max-snippet":"max-snippet:-1","max-image-preview":"max-image-preview:large","max-video-preview":"max-video-preview:-1"},"canonical":"https:\/\/danielricardogonzalez.com\/de\/produkt\/dormitorio-azur-iii\/","og_locale":"de_DE","og_type":"article","og_title":"DORMITORIO AZUR III - Daniel Ricardo Gonz\u00e1lez","og_description":"When the nearly 90 years old Cuban woman Josie Alonso opened the door for Daniel Ricardo Gonz\u00e1lez his dream as a photographer came true. This legendary colonial style villa in Havana was built in 1929 by the late vice president of the Camag\u00fcey Railways and has been owned by the Alonso family ever since.  Through his camera Daniel immersed himself into this architectural magic in the spring of 2018. During the time he spent at \u201cCasa Alonso\u201d he photographed its beguiling beauty. The photo series \u201cCasa Alonso\u201d pays homage to the transience of beauty as well as the charm of morbidity. As we look at the photographs of \u201cCasa Alonso\u201d we figuratively stroll through this house while being enchanted by its colors and details\u2026and it is almost as if we can even sense the smells.","og_url":"https:\/\/danielricardogonzalez.com\/de\/produkt\/dormitorio-azur-iii\/","og_site_name":"Daniel Ricardo Gonz\u00e1lez","article_modified_time":"2021-06-07T20:21:14+00:00","og_image":[{"width":2236,"height":1118,"url":"https:\/\/danielricardogonzalez.com\/wp-content\/uploads\/2021\/01\/DORMITORIO-AZUR-III-CASA-ALONSO-\u00a9-Daniel-Ricardo-Gonzalez.jpg","type":"image\/jpeg"}],"twitter_card":"summary_large_image","twitter_misc":{"Gesch\u00e4tzte Lesezeit":"1\u00a0Minute"},"schema":{"@context":"https:\/\/schema.org","@graph":[{"@type":"WebPage","@id":"https:\/\/danielricardogonzalez.com\/en\/produkt\/dormitorio-azur-iii\/","url":"https:\/\/danielricardogonzalez.com\/en\/produkt\/dormitorio-azur-iii\/","name":"DORMITORIO AZUR III - Daniel Ricardo Gonz\u00e1lez","isPartOf":{"@id":"https:\/\/danielricardogonzalez.com\/en\/#website"},"primaryImageOfPage":{"@id":"https:\/\/danielricardogonzalez.com\/en\/produkt\/dormitorio-azur-iii\/#primaryimage"},"image":{"@id":"https:\/\/danielricardogonzalez.com\/en\/produkt\/dormitorio-azur-iii\/#primaryimage"},"thumbnailUrl":"https:\/\/danielricardogonzalez.com\/wp-content\/uploads\/2021\/01\/DORMITORIO-AZUR-III-CASA-ALONSO-\u00a9-Daniel-Ricardo-Gonzalez.jpg","datePublished":"2021-02-26T21:30:12+00:00","dateModified":"2021-06-07T20:21:14+00:00","breadcrumb":{"@id":"https:\/\/danielricardogonzalez.com\/en\/produkt\/dormitorio-azur-iii\/#breadcrumb"},"inLanguage":"de","potentialAction":[{"@type":"ReadAction","target":["https:\/\/danielricardogonzalez.com\/en\/produkt\/dormitorio-azur-iii\/"]}]},{"@type":"ImageObject","inLanguage":"de","@id":"https:\/\/danielricardogonzalez.com\/en\/produkt\/dormitorio-azur-iii\/#primaryimage","url":"https:\/\/danielricardogonzalez.com\/wp-content\/uploads\/2021\/01\/DORMITORIO-AZUR-III-CASA-ALONSO-\u00a9-Daniel-Ricardo-Gonzalez.jpg","contentUrl":"https:\/\/danielricardogonzalez.com\/wp-content\/uploads\/2021\/01\/DORMITORIO-AZUR-III-CASA-ALONSO-\u00a9-Daniel-Ricardo-Gonzalez.jpg","width":2236,"height":1118,"caption":"2018, 60 x 30 cm | 90 x 45 cm | 120 x 60 cm | 150 x 75 cm | Museumsglas | Edition 10 + 1 AP"},{"@type":"BreadcrumbList","@id":"https:\/\/danielricardogonzalez.com\/en\/produkt\/dormitorio-azur-iii\/#breadcrumb","itemListElement":[{"@type":"ListItem","position":1,"name":"Startseite","item":"https:\/\/danielricardogonzalez.com\/en\/"},{"@type":"ListItem","position":2,"name":"SHOP","item":"https:\/\/danielricardogonzalez.com\/en\/shop-2\/"},{"@type":"ListItem","position":3,"name":"DORMITORIO AZUR III"}]},{"@type":"WebSite","@id":"https:\/\/danielricardogonzalez.com\/en\/#website","url":"https:\/\/danielricardogonzalez.com\/en\/","name":"Daniel Ricardo Gonz\u00e1lez","description":"The son of a Spaniard and a half-French woman. His great talent is to abduct the viewer into magical lost places through his photographs.","publisher":{"@id":"https:\/\/danielricardogonzalez.com\/en\/#organization"},"potentialAction":[{"@type":"SearchAction","target":{"@type":"EntryPoint","urlTemplate":"https:\/\/danielricardogonzalez.com\/en\/?s={search_term_string}"},"query-input":{"@type":"PropertyValueSpecification","valueRequired":true,"valueName":"search_term_string"}}],"inLanguage":"de"},{"@type":"Organization","@id":"https:\/\/danielricardogonzalez.com\/en\/#organization","name":"Daniel Ricardo Gonz\u00e1lez","url":"https:\/\/danielricardogonzalez.com\/en\/","logo":{"@type":"ImageObject","inLanguage":"de","@id":"https:\/\/danielricardogonzalez.com\/en\/#\/schema\/logo\/image\/","url":"https:\/\/danielricardogonzalez.com\/wp-content\/uploads\/2022\/09\/COCINA-III-CASA-ALONSO-\u00a9-Daniel-Ricardo-Gonzalez.jpg","contentUrl":"https:\/\/danielricardogonzalez.com\/wp-content\/uploads\/2022\/09\/COCINA-III-CASA-ALONSO-\u00a9-Daniel-Ricardo-Gonzalez.jpg","width":1731,"height":1154,"caption":"Daniel Ricardo Gonz\u00e1lez"},"image":{"@id":"https:\/\/danielricardogonzalez.com\/en\/#\/schema\/logo\/image\/"}}]}},"_links":{"self":[{"href":"https:\/\/danielricardogonzalez.com\/de\/wp-json\/wp\/v2\/product\/5342","targetHints":{"allow":["GET"]}}],"collection":[{"href":"https:\/\/danielricardogonzalez.com\/de\/wp-json\/wp\/v2\/product"}],"about":[{"href":"https:\/\/danielricardogonzalez.com\/de\/wp-json\/wp\/v2\/types\/product"}],"wp:featuredmedia":[{"embeddable":true,"href":"https:\/\/danielricardogonzalez.com\/de\/wp-json\/wp\/v2\/media\/2799"}],"wp:attachment":[{"href":"https:\/\/danielricardogonzalez.com\/de\/wp-json\/wp\/v2\/media?parent=5342"}],"wp:term":[{"taxonomy":"product_brand","embeddable":true,"href":"https:\/\/danielricardogonzalez.com\/de\/wp-json\/wp\/v2\/product_brand?post=5342"},{"taxonomy":"product_cat","embeddable":true,"href":"https:\/\/danielricardogonzalez.com\/de\/wp-json\/wp\/v2\/product_cat?post=5342"},{"taxonomy":"product_tag","embeddable":true,"href":"https:\/\/danielricardogonzalez.com\/de\/wp-json\/wp\/v2\/product_tag?post=5342"}],"curies":[{"name":"wp","href":"https:\/\/api.w.org\/{rel}","templated":true}]}}