{"id":4366,"date":"2021-02-13T21:36:25","date_gmt":"2021-02-13T20:36:25","guid":{"rendered":"https:\/\/danielricardogonzalez.com\/?post_type=product&#038;p=4366"},"modified":"2021-06-06T18:08:09","modified_gmt":"2021-06-06T16:08:09","slug":"chateau-mariage-blanc-i","status":"publish","type":"product","link":"https:\/\/danielricardogonzalez.com\/de\/produkt\/chateau-mariage-blanc-i\/","title":{"rendered":"CH\u00c2TEAU MARIAGE BLANC I"},"content":{"rendered":"<p>Limitierte Auflage<\/p>\n<p>Lieferzeit:<\/p>\n<ul>\n<li>Textildruck 10 Arbeitstage<\/li>\n<li>Alu-Dibond schlank gerahmt 10 Arbeitstage<\/li>\n<li>Museumsglas Ultra-Sec 30 Arbeitstage<\/li>\n<\/ul>\n<p>&nbsp;<\/p>","protected":false},"excerpt":{"rendered":"<p>Der Entdeckergeist von Gonz\u00e1lez \u00fcbertr\u00e4gt sich unmittelbar auf die Bildmotive, die in uns Betrachtern ein Suchen und Finden, ein Erstaunen und Erleben wecken.<\/p>\n<p>Daniel Ricardo Gonz\u00e1lez verwandelt sich vom Fotografen zum Bildautor, indem er auf der Grundlage realer Orte neue Bildmotive generiert, um so die geheimnisvolle Magie seiner \u201elost Places\u201c noch zu verst\u00e4rken. Wenn Gonz\u00e1lez wieder einen jener - oft geheim gehaltenen - Orte ausfindig machen konnte, gibt es kein Halten mehr. Die Kamera ist dabei nur ein Assistent, denn erst wenn alle weiteren Sinne befl\u00fcgelt werden, ger\u00e4t der Fotograf in den Flow-Zustand, in das gl\u00fcckhafte Gef\u00fchl des Eins-Seins mit sich und dem Ort.<\/p>\n<p>Dokumentiert wird dieses Erlebnis allein durch das Dr\u00fccken auf den Ausl\u00f6ser der Kamera. Erst sp\u00e4ter im eigenen Bildlabor entwickelt er dann gezielt einzelne Bildmotive, die uns Betrachter nicht nur visuell, sondern k\u00f6rperlich ber\u00fchren sollen. Die \u201eLost Place\u201c-Motive des Ravensburger Fotografen sind faszinierende Projektionsfl\u00e4chen f\u00fcr unsere eigenen W\u00fcnsche, Tr\u00e4ume und Erinnerungen, auch weil wir durch sie eine transzendente Verbindung sp\u00fcren.<\/p>","protected":false},"featured_media":3327,"template":"","meta":[],"product_brand":[],"product_cat":[70],"product_tag":[],"class_list":{"0":"post-4366","1":"product","2":"type-product","3":"status-publish","4":"has-post-thumbnail","6":"product_cat-fascination-lost-places","7":"product_shipping_class-eu-countries-5-of-the-shopping-cart-value","9":"first","10":"instock","11":"taxable","12":"shipping-taxable","13":"purchasable","14":"product-type-variable"},"yoast_head":"<!-- This site is optimized with the Yoast SEO plugin v27.4 - https:\/\/yoast.com\/product\/yoast-seo-wordpress\/ -->\n<title>CH\u00c2TEAU MARIAGE BLANC I - Daniel Ricardo Gonz\u00e1lez<\/title>\n<meta name=\"robots\" content=\"index, follow, max-snippet:-1, max-image-preview:large, max-video-preview:-1\" \/>\n<link rel=\"canonical\" href=\"https:\/\/danielricardogonzalez.com\/de\/produkt\/chateau-mariage-blanc-i\/\" \/>\n<meta property=\"og:locale\" content=\"de_DE\" \/>\n<meta property=\"og:type\" content=\"article\" \/>\n<meta property=\"og:title\" content=\"CH\u00c2TEAU MARIAGE BLANC I - Daniel Ricardo Gonz\u00e1lez\" \/>\n<meta property=\"og:description\" content=\"The spirit of Gonz\u00e1lez discovery is directly transferred to the image motifs, which awaken in us viewers a searching and finding, an astonishment and experience.  Daniel Ricardo Gonz\u00e1lez transforms himself from photographer to image author by generating new image motifs on the basis of real places, thus intensifying the mysterious magic of his &quot;lost places&quot;. When Gonz\u00e1lez is able to locate one of these - often secret - places, there is no stopping him. The camera is only an assistant, because only when all the other senses are stimulated does the photographer enter a state of flow, a happy feeling of being at one with himself and the place.  This experience is documented simply by pressing the shutter release of the camera. Only later, in his own photo lab, does he develop specific individual motifs that are intended to touch us not only visually, but physically. The Ravensburg photographer&#039;s &quot;Lost Place&quot; motifs are fascinating projection surfaces for our own wishes, dreams and memories, also because we feel a transcendent connection through them.\" \/>\n<meta property=\"og:url\" content=\"https:\/\/danielricardogonzalez.com\/de\/produkt\/chateau-mariage-blanc-i\/\" \/>\n<meta property=\"og:site_name\" content=\"Daniel Ricardo Gonz\u00e1lez\" \/>\n<meta property=\"article:modified_time\" content=\"2021-06-06T16:08:09+00:00\" \/>\n<meta property=\"og:image\" content=\"https:\/\/danielricardogonzalez.com\/wp-content\/uploads\/2021\/01\/Chateau-Mariage-Blanc-I-\u00a9-Daniel-Ricardo-Gonzalez.jpg\" \/>\n\t<meta property=\"og:image:width\" content=\"1936\" \/>\n\t<meta property=\"og:image:height\" content=\"1291\" \/>\n\t<meta property=\"og:image:type\" content=\"image\/jpeg\" \/>\n<meta name=\"twitter:card\" content=\"summary_large_image\" \/>\n<meta name=\"twitter:label1\" content=\"Gesch\u00e4tzte Lesezeit\" \/>\n\t<meta name=\"twitter:data1\" content=\"1\u00a0Minute\" \/>\n<script type=\"application\/ld+json\" class=\"yoast-schema-graph\">{\"@context\":\"https:\\\/\\\/schema.org\",\"@graph\":[{\"@type\":\"WebPage\",\"@id\":\"https:\\\/\\\/danielricardogonzalez.com\\\/en\\\/produkt\\\/chateau-mariage-blanc-i\\\/\",\"url\":\"https:\\\/\\\/danielricardogonzalez.com\\\/en\\\/produkt\\\/chateau-mariage-blanc-i\\\/\",\"name\":\"CH\u00c2TEAU MARIAGE BLANC I - Daniel Ricardo Gonz\u00e1lez\",\"isPartOf\":{\"@id\":\"https:\\\/\\\/danielricardogonzalez.com\\\/en\\\/#website\"},\"primaryImageOfPage\":{\"@id\":\"https:\\\/\\\/danielricardogonzalez.com\\\/en\\\/produkt\\\/chateau-mariage-blanc-i\\\/#primaryimage\"},\"image\":{\"@id\":\"https:\\\/\\\/danielricardogonzalez.com\\\/en\\\/produkt\\\/chateau-mariage-blanc-i\\\/#primaryimage\"},\"thumbnailUrl\":\"https:\\\/\\\/danielricardogonzalez.com\\\/wp-content\\\/uploads\\\/2021\\\/01\\\/Chateau-Mariage-Blanc-I-\u00a9-Daniel-Ricardo-Gonzalez.jpg\",\"datePublished\":\"2021-02-13T20:36:25+00:00\",\"dateModified\":\"2021-06-06T16:08:09+00:00\",\"breadcrumb\":{\"@id\":\"https:\\\/\\\/danielricardogonzalez.com\\\/en\\\/produkt\\\/chateau-mariage-blanc-i\\\/#breadcrumb\"},\"inLanguage\":\"de\",\"potentialAction\":[{\"@type\":\"ReadAction\",\"target\":[\"https:\\\/\\\/danielricardogonzalez.com\\\/en\\\/produkt\\\/chateau-mariage-blanc-i\\\/\"]}]},{\"@type\":\"ImageObject\",\"inLanguage\":\"de\",\"@id\":\"https:\\\/\\\/danielricardogonzalez.com\\\/en\\\/produkt\\\/chateau-mariage-blanc-i\\\/#primaryimage\",\"url\":\"https:\\\/\\\/danielricardogonzalez.com\\\/wp-content\\\/uploads\\\/2021\\\/01\\\/Chateau-Mariage-Blanc-I-\u00a9-Daniel-Ricardo-Gonzalez.jpg\",\"contentUrl\":\"https:\\\/\\\/danielricardogonzalez.com\\\/wp-content\\\/uploads\\\/2021\\\/01\\\/Chateau-Mariage-Blanc-I-\u00a9-Daniel-Ricardo-Gonzalez.jpg\",\"width\":1936,\"height\":1291,\"caption\":\"Verlassenes Ch\u00e2teau in Frankreich mit Hochzeitskleid. Abandoned ch\u00e2teau in France with Wedding dress.\"},{\"@type\":\"BreadcrumbList\",\"@id\":\"https:\\\/\\\/danielricardogonzalez.com\\\/en\\\/produkt\\\/chateau-mariage-blanc-i\\\/#breadcrumb\",\"itemListElement\":[{\"@type\":\"ListItem\",\"position\":1,\"name\":\"Startseite\",\"item\":\"https:\\\/\\\/danielricardogonzalez.com\\\/en\\\/\"},{\"@type\":\"ListItem\",\"position\":2,\"name\":\"SHOP\",\"item\":\"https:\\\/\\\/danielricardogonzalez.com\\\/en\\\/shop-2\\\/\"},{\"@type\":\"ListItem\",\"position\":3,\"name\":\"CH\u00c2TEAU MARIAGE BLANC I\"}]},{\"@type\":\"WebSite\",\"@id\":\"https:\\\/\\\/danielricardogonzalez.com\\\/en\\\/#website\",\"url\":\"https:\\\/\\\/danielricardogonzalez.com\\\/en\\\/\",\"name\":\"Daniel Ricardo Gonz\u00e1lez\",\"description\":\"The son of a Spaniard and a half-French woman. His great talent is to abduct the viewer into magical lost places through his photographs.\",\"publisher\":{\"@id\":\"https:\\\/\\\/danielricardogonzalez.com\\\/en\\\/#organization\"},\"potentialAction\":[{\"@type\":\"SearchAction\",\"target\":{\"@type\":\"EntryPoint\",\"urlTemplate\":\"https:\\\/\\\/danielricardogonzalez.com\\\/en\\\/?s={search_term_string}\"},\"query-input\":{\"@type\":\"PropertyValueSpecification\",\"valueRequired\":true,\"valueName\":\"search_term_string\"}}],\"inLanguage\":\"de\"},{\"@type\":\"Organization\",\"@id\":\"https:\\\/\\\/danielricardogonzalez.com\\\/en\\\/#organization\",\"name\":\"Daniel Ricardo Gonz\u00e1lez\",\"url\":\"https:\\\/\\\/danielricardogonzalez.com\\\/en\\\/\",\"logo\":{\"@type\":\"ImageObject\",\"inLanguage\":\"de\",\"@id\":\"https:\\\/\\\/danielricardogonzalez.com\\\/en\\\/#\\\/schema\\\/logo\\\/image\\\/\",\"url\":\"https:\\\/\\\/danielricardogonzalez.com\\\/wp-content\\\/uploads\\\/2022\\\/09\\\/COCINA-III-CASA-ALONSO-\u00a9-Daniel-Ricardo-Gonzalez.jpg\",\"contentUrl\":\"https:\\\/\\\/danielricardogonzalez.com\\\/wp-content\\\/uploads\\\/2022\\\/09\\\/COCINA-III-CASA-ALONSO-\u00a9-Daniel-Ricardo-Gonzalez.jpg\",\"width\":1731,\"height\":1154,\"caption\":\"Daniel Ricardo Gonz\u00e1lez\"},\"image\":{\"@id\":\"https:\\\/\\\/danielricardogonzalez.com\\\/en\\\/#\\\/schema\\\/logo\\\/image\\\/\"}}]}<\/script>\n<!-- \/ Yoast SEO plugin. -->","yoast_head_json":{"title":"CH\u00c2TEAU MARIAGE BLANC I - Daniel Ricardo Gonz\u00e1lez","robots":{"index":"index","follow":"follow","max-snippet":"max-snippet:-1","max-image-preview":"max-image-preview:large","max-video-preview":"max-video-preview:-1"},"canonical":"https:\/\/danielricardogonzalez.com\/de\/produkt\/chateau-mariage-blanc-i\/","og_locale":"de_DE","og_type":"article","og_title":"CH\u00c2TEAU MARIAGE BLANC I - Daniel Ricardo Gonz\u00e1lez","og_description":"The spirit of Gonz\u00e1lez discovery is directly transferred to the image motifs, which awaken in us viewers a searching and finding, an astonishment and experience.  Daniel Ricardo Gonz\u00e1lez transforms himself from photographer to image author by generating new image motifs on the basis of real places, thus intensifying the mysterious magic of his \"lost places\". When Gonz\u00e1lez is able to locate one of these - often secret - places, there is no stopping him. The camera is only an assistant, because only when all the other senses are stimulated does the photographer enter a state of flow, a happy feeling of being at one with himself and the place.  This experience is documented simply by pressing the shutter release of the camera. Only later, in his own photo lab, does he develop specific individual motifs that are intended to touch us not only visually, but physically. The Ravensburg photographer's \"Lost Place\" motifs are fascinating projection surfaces for our own wishes, dreams and memories, also because we feel a transcendent connection through them.","og_url":"https:\/\/danielricardogonzalez.com\/de\/produkt\/chateau-mariage-blanc-i\/","og_site_name":"Daniel Ricardo Gonz\u00e1lez","article_modified_time":"2021-06-06T16:08:09+00:00","og_image":[{"width":1936,"height":1291,"url":"https:\/\/danielricardogonzalez.com\/wp-content\/uploads\/2021\/01\/Chateau-Mariage-Blanc-I-\u00a9-Daniel-Ricardo-Gonzalez.jpg","type":"image\/jpeg"}],"twitter_card":"summary_large_image","twitter_misc":{"Gesch\u00e4tzte Lesezeit":"1\u00a0Minute"},"schema":{"@context":"https:\/\/schema.org","@graph":[{"@type":"WebPage","@id":"https:\/\/danielricardogonzalez.com\/en\/produkt\/chateau-mariage-blanc-i\/","url":"https:\/\/danielricardogonzalez.com\/en\/produkt\/chateau-mariage-blanc-i\/","name":"CH\u00c2TEAU MARIAGE BLANC I - Daniel Ricardo Gonz\u00e1lez","isPartOf":{"@id":"https:\/\/danielricardogonzalez.com\/en\/#website"},"primaryImageOfPage":{"@id":"https:\/\/danielricardogonzalez.com\/en\/produkt\/chateau-mariage-blanc-i\/#primaryimage"},"image":{"@id":"https:\/\/danielricardogonzalez.com\/en\/produkt\/chateau-mariage-blanc-i\/#primaryimage"},"thumbnailUrl":"https:\/\/danielricardogonzalez.com\/wp-content\/uploads\/2021\/01\/Chateau-Mariage-Blanc-I-\u00a9-Daniel-Ricardo-Gonzalez.jpg","datePublished":"2021-02-13T20:36:25+00:00","dateModified":"2021-06-06T16:08:09+00:00","breadcrumb":{"@id":"https:\/\/danielricardogonzalez.com\/en\/produkt\/chateau-mariage-blanc-i\/#breadcrumb"},"inLanguage":"de","potentialAction":[{"@type":"ReadAction","target":["https:\/\/danielricardogonzalez.com\/en\/produkt\/chateau-mariage-blanc-i\/"]}]},{"@type":"ImageObject","inLanguage":"de","@id":"https:\/\/danielricardogonzalez.com\/en\/produkt\/chateau-mariage-blanc-i\/#primaryimage","url":"https:\/\/danielricardogonzalez.com\/wp-content\/uploads\/2021\/01\/Chateau-Mariage-Blanc-I-\u00a9-Daniel-Ricardo-Gonzalez.jpg","contentUrl":"https:\/\/danielricardogonzalez.com\/wp-content\/uploads\/2021\/01\/Chateau-Mariage-Blanc-I-\u00a9-Daniel-Ricardo-Gonzalez.jpg","width":1936,"height":1291,"caption":"Verlassenes Ch\u00e2teau in Frankreich mit Hochzeitskleid. Abandoned ch\u00e2teau in France with Wedding dress."},{"@type":"BreadcrumbList","@id":"https:\/\/danielricardogonzalez.com\/en\/produkt\/chateau-mariage-blanc-i\/#breadcrumb","itemListElement":[{"@type":"ListItem","position":1,"name":"Startseite","item":"https:\/\/danielricardogonzalez.com\/en\/"},{"@type":"ListItem","position":2,"name":"SHOP","item":"https:\/\/danielricardogonzalez.com\/en\/shop-2\/"},{"@type":"ListItem","position":3,"name":"CH\u00c2TEAU MARIAGE BLANC I"}]},{"@type":"WebSite","@id":"https:\/\/danielricardogonzalez.com\/en\/#website","url":"https:\/\/danielricardogonzalez.com\/en\/","name":"Daniel Ricardo Gonz\u00e1lez","description":"The son of a Spaniard and a half-French woman. His great talent is to abduct the viewer into magical lost places through his photographs.","publisher":{"@id":"https:\/\/danielricardogonzalez.com\/en\/#organization"},"potentialAction":[{"@type":"SearchAction","target":{"@type":"EntryPoint","urlTemplate":"https:\/\/danielricardogonzalez.com\/en\/?s={search_term_string}"},"query-input":{"@type":"PropertyValueSpecification","valueRequired":true,"valueName":"search_term_string"}}],"inLanguage":"de"},{"@type":"Organization","@id":"https:\/\/danielricardogonzalez.com\/en\/#organization","name":"Daniel Ricardo Gonz\u00e1lez","url":"https:\/\/danielricardogonzalez.com\/en\/","logo":{"@type":"ImageObject","inLanguage":"de","@id":"https:\/\/danielricardogonzalez.com\/en\/#\/schema\/logo\/image\/","url":"https:\/\/danielricardogonzalez.com\/wp-content\/uploads\/2022\/09\/COCINA-III-CASA-ALONSO-\u00a9-Daniel-Ricardo-Gonzalez.jpg","contentUrl":"https:\/\/danielricardogonzalez.com\/wp-content\/uploads\/2022\/09\/COCINA-III-CASA-ALONSO-\u00a9-Daniel-Ricardo-Gonzalez.jpg","width":1731,"height":1154,"caption":"Daniel Ricardo Gonz\u00e1lez"},"image":{"@id":"https:\/\/danielricardogonzalez.com\/en\/#\/schema\/logo\/image\/"}}]}},"_links":{"self":[{"href":"https:\/\/danielricardogonzalez.com\/de\/wp-json\/wp\/v2\/product\/4366","targetHints":{"allow":["GET"]}}],"collection":[{"href":"https:\/\/danielricardogonzalez.com\/de\/wp-json\/wp\/v2\/product"}],"about":[{"href":"https:\/\/danielricardogonzalez.com\/de\/wp-json\/wp\/v2\/types\/product"}],"wp:featuredmedia":[{"embeddable":true,"href":"https:\/\/danielricardogonzalez.com\/de\/wp-json\/wp\/v2\/media\/3327"}],"wp:attachment":[{"href":"https:\/\/danielricardogonzalez.com\/de\/wp-json\/wp\/v2\/media?parent=4366"}],"wp:term":[{"taxonomy":"product_brand","embeddable":true,"href":"https:\/\/danielricardogonzalez.com\/de\/wp-json\/wp\/v2\/product_brand?post=4366"},{"taxonomy":"product_cat","embeddable":true,"href":"https:\/\/danielricardogonzalez.com\/de\/wp-json\/wp\/v2\/product_cat?post=4366"},{"taxonomy":"product_tag","embeddable":true,"href":"https:\/\/danielricardogonzalez.com\/de\/wp-json\/wp\/v2\/product_tag?post=4366"}],"curies":[{"name":"wp","href":"https:\/\/api.w.org\/{rel}","templated":true}]}}