{"id":4166,"date":"2021-02-12T22:45:22","date_gmt":"2021-02-12T21:45:22","guid":{"rendered":"https:\/\/danielricardogonzalez.com\/?post_type=product&#038;p=4166"},"modified":"2021-06-05T22:55:23","modified_gmt":"2021-06-05T20:55:23","slug":"cocina-i","status":"publish","type":"product","link":"https:\/\/danielricardogonzalez.com\/de\/produkt\/cocina-i\/","title":{"rendered":"COCINA I"},"content":{"rendered":"<p>Limitierte Auflage<\/p>\n<p>Lieferzeit:<\/p>\n<ul>\n<li>Textildruck 10 Arbeitstage<\/li>\n<li>Alu-Dibond schlank gerahmt 10 Arbeitstage<\/li>\n<li>Museumsglas Ultra-Sec 30 Arbeitstage<\/li>\n<\/ul>\n<p>&nbsp;<\/p>","protected":false},"excerpt":{"rendered":"<p class=\"translation-block\">Als die fast 90-j\u00e4hrige Kubanerin Josie Alonso ihm die T\u00fcre \u00f6ffnete, erf\u00fcllte sich f\u00fcr Daniel Ricardo Gonz\u00e1lez ein Fotografen-Traum. Er durfte nun \u2013 begleitet von der Bewohnerin der Villa \u2013 eintauchen in einen Mythos. 1929 lie\u00df sich \u00d3scar Alonso, damaliger Vizepr\u00e4sident der Camag\u00fcey-Bahnen, diese Villa im heute legend\u00e4ren Kolonialstil in Havanna erbauen, welche sich seither im Familienbesitz befindet.<\/p>\n<p>Mit dem Auge seiner Kamera tauchte der Ravensburger Fotograf im Fr\u00fchjahr 2018 ein in die Magie dieser Architektur. W\u00e4hrend der Stunden in der \u201eCasa Alonso\u201c entstanden Fotografien von bet\u00f6render Sch\u00f6nheit. Die Foto-Serie \u201eCasa Alonso\u201c ist eine Hommage an die Verg\u00e4nglichkeit des Sch\u00f6nen und an den Charme des Morbiden. Die Fotografien der \u201eCasa Alonso\u201c betrachtend schlendern wir f\u00f6rmlich durch dieses Haus und lassen uns verf\u00fchren von den Farben, den Details, den Blickachsen\u2026, und fast ist es, als k\u00f6nnten wir sogar die Ger\u00fcche erahnen.<\/p>\n<p>&nbsp;<\/p>","protected":false},"featured_media":2788,"template":"","meta":[],"product_brand":[],"product_cat":[71],"product_tag":[],"class_list":{"0":"post-4166","1":"product","2":"type-product","3":"status-publish","4":"has-post-thumbnail","6":"product_cat-casa-alonso-a-day-in-havanna","7":"product_shipping_class-eu-countries-5-of-the-shopping-cart-value","9":"first","10":"instock","11":"taxable","12":"shipping-taxable","13":"purchasable","14":"product-type-variable"},"yoast_head":"<!-- This site is optimized with the Yoast SEO plugin v27.4 - https:\/\/yoast.com\/product\/yoast-seo-wordpress\/ -->\n<title>COCINA I - Daniel Ricardo Gonz\u00e1lez<\/title>\n<meta name=\"robots\" content=\"index, follow, max-snippet:-1, max-image-preview:large, max-video-preview:-1\" \/>\n<link rel=\"canonical\" href=\"https:\/\/danielricardogonzalez.com\/de\/produkt\/cocina-i\/\" \/>\n<meta property=\"og:locale\" content=\"de_DE\" \/>\n<meta property=\"og:type\" content=\"article\" \/>\n<meta property=\"og:title\" content=\"COCINA I - Daniel Ricardo Gonz\u00e1lez\" \/>\n<meta property=\"og:description\" content=\"When the nearly 90 years old Cuban woman Josie Alonso opened the door for Daniel Ricardo Gonz\u00e1lez his dream as a photographer came true. This legendary colonial style villa in Havana was built in 1929 by the late vice president of the Camag\u00fcey Railways and has been owned by the Alonso family ever since.  Through his camera Daniel immersed himself into this architectural magic in the spring of 2018. During the time he spent at \u201cCasa Alonso\u201d he photographed its beguiling beauty. The photo series \u201cCasa Alonso\u201d pays homage to the transience of beauty as well as the charm of morbidity. As we look at the photographs of \u201cCasa Alonso\u201d we figuratively stroll through this house while being enchanted by its colors and details...and it is almost as if we can even sense the smells.  &nbsp;\" \/>\n<meta property=\"og:url\" content=\"https:\/\/danielricardogonzalez.com\/de\/produkt\/cocina-i\/\" \/>\n<meta property=\"og:site_name\" content=\"Daniel Ricardo Gonz\u00e1lez\" \/>\n<meta property=\"article:modified_time\" content=\"2021-06-05T20:55:23+00:00\" \/>\n<meta property=\"og:image\" content=\"https:\/\/danielricardogonzalez.com\/wp-content\/uploads\/2021\/01\/COCINA-I-CASA-ALONSO-\u00a9-Daniel-Ricardo-Gonzalez.jpg\" \/>\n\t<meta property=\"og:image:width\" content=\"1581\" \/>\n\t<meta property=\"og:image:height\" content=\"1581\" \/>\n\t<meta property=\"og:image:type\" content=\"image\/jpeg\" \/>\n<meta name=\"twitter:card\" content=\"summary_large_image\" \/>\n<meta name=\"twitter:label1\" content=\"Gesch\u00e4tzte Lesezeit\" \/>\n\t<meta name=\"twitter:data1\" content=\"1\u00a0Minute\" \/>\n<script type=\"application\/ld+json\" class=\"yoast-schema-graph\">{\"@context\":\"https:\\\/\\\/schema.org\",\"@graph\":[{\"@type\":\"WebPage\",\"@id\":\"https:\\\/\\\/danielricardogonzalez.com\\\/en\\\/produkt\\\/cocina-i\\\/\",\"url\":\"https:\\\/\\\/danielricardogonzalez.com\\\/en\\\/produkt\\\/cocina-i\\\/\",\"name\":\"COCINA I - Daniel Ricardo Gonz\u00e1lez\",\"isPartOf\":{\"@id\":\"https:\\\/\\\/danielricardogonzalez.com\\\/en\\\/#website\"},\"primaryImageOfPage\":{\"@id\":\"https:\\\/\\\/danielricardogonzalez.com\\\/en\\\/produkt\\\/cocina-i\\\/#primaryimage\"},\"image\":{\"@id\":\"https:\\\/\\\/danielricardogonzalez.com\\\/en\\\/produkt\\\/cocina-i\\\/#primaryimage\"},\"thumbnailUrl\":\"https:\\\/\\\/danielricardogonzalez.com\\\/wp-content\\\/uploads\\\/2021\\\/01\\\/COCINA-I-CASA-ALONSO-\u00a9-Daniel-Ricardo-Gonzalez.jpg\",\"datePublished\":\"2021-02-12T21:45:22+00:00\",\"dateModified\":\"2021-06-05T20:55:23+00:00\",\"breadcrumb\":{\"@id\":\"https:\\\/\\\/danielricardogonzalez.com\\\/en\\\/produkt\\\/cocina-i\\\/#breadcrumb\"},\"inLanguage\":\"de\",\"potentialAction\":[{\"@type\":\"ReadAction\",\"target\":[\"https:\\\/\\\/danielricardogonzalez.com\\\/en\\\/produkt\\\/cocina-i\\\/\"]}]},{\"@type\":\"ImageObject\",\"inLanguage\":\"de\",\"@id\":\"https:\\\/\\\/danielricardogonzalez.com\\\/en\\\/produkt\\\/cocina-i\\\/#primaryimage\",\"url\":\"https:\\\/\\\/danielricardogonzalez.com\\\/wp-content\\\/uploads\\\/2021\\\/01\\\/COCINA-I-CASA-ALONSO-\u00a9-Daniel-Ricardo-Gonzalez.jpg\",\"contentUrl\":\"https:\\\/\\\/danielricardogonzalez.com\\\/wp-content\\\/uploads\\\/2021\\\/01\\\/COCINA-I-CASA-ALONSO-\u00a9-Daniel-Ricardo-Gonzalez.jpg\",\"width\":1581,\"height\":1581,\"caption\":\"2018, 40 x 40 cm | 60 x 60 cm | 90 x 90 cm | 120 x 120 cm | Museumsglas | Edition 10 + 1 AP\"},{\"@type\":\"BreadcrumbList\",\"@id\":\"https:\\\/\\\/danielricardogonzalez.com\\\/en\\\/produkt\\\/cocina-i\\\/#breadcrumb\",\"itemListElement\":[{\"@type\":\"ListItem\",\"position\":1,\"name\":\"Startseite\",\"item\":\"https:\\\/\\\/danielricardogonzalez.com\\\/en\\\/\"},{\"@type\":\"ListItem\",\"position\":2,\"name\":\"SHOP\",\"item\":\"https:\\\/\\\/danielricardogonzalez.com\\\/en\\\/shop-2\\\/\"},{\"@type\":\"ListItem\",\"position\":3,\"name\":\"COCINA I\"}]},{\"@type\":\"WebSite\",\"@id\":\"https:\\\/\\\/danielricardogonzalez.com\\\/en\\\/#website\",\"url\":\"https:\\\/\\\/danielricardogonzalez.com\\\/en\\\/\",\"name\":\"Daniel Ricardo Gonz\u00e1lez\",\"description\":\"The son of a Spaniard and a half-French woman. His great talent is to abduct the viewer into magical lost places through his photographs.\",\"publisher\":{\"@id\":\"https:\\\/\\\/danielricardogonzalez.com\\\/en\\\/#organization\"},\"potentialAction\":[{\"@type\":\"SearchAction\",\"target\":{\"@type\":\"EntryPoint\",\"urlTemplate\":\"https:\\\/\\\/danielricardogonzalez.com\\\/en\\\/?s={search_term_string}\"},\"query-input\":{\"@type\":\"PropertyValueSpecification\",\"valueRequired\":true,\"valueName\":\"search_term_string\"}}],\"inLanguage\":\"de\"},{\"@type\":\"Organization\",\"@id\":\"https:\\\/\\\/danielricardogonzalez.com\\\/en\\\/#organization\",\"name\":\"Daniel Ricardo Gonz\u00e1lez\",\"url\":\"https:\\\/\\\/danielricardogonzalez.com\\\/en\\\/\",\"logo\":{\"@type\":\"ImageObject\",\"inLanguage\":\"de\",\"@id\":\"https:\\\/\\\/danielricardogonzalez.com\\\/en\\\/#\\\/schema\\\/logo\\\/image\\\/\",\"url\":\"https:\\\/\\\/danielricardogonzalez.com\\\/wp-content\\\/uploads\\\/2022\\\/09\\\/COCINA-III-CASA-ALONSO-\u00a9-Daniel-Ricardo-Gonzalez.jpg\",\"contentUrl\":\"https:\\\/\\\/danielricardogonzalez.com\\\/wp-content\\\/uploads\\\/2022\\\/09\\\/COCINA-III-CASA-ALONSO-\u00a9-Daniel-Ricardo-Gonzalez.jpg\",\"width\":1731,\"height\":1154,\"caption\":\"Daniel Ricardo Gonz\u00e1lez\"},\"image\":{\"@id\":\"https:\\\/\\\/danielricardogonzalez.com\\\/en\\\/#\\\/schema\\\/logo\\\/image\\\/\"}}]}<\/script>\n<!-- \/ Yoast SEO plugin. -->","yoast_head_json":{"title":"COCINA I - Daniel Ricardo Gonz\u00e1lez","robots":{"index":"index","follow":"follow","max-snippet":"max-snippet:-1","max-image-preview":"max-image-preview:large","max-video-preview":"max-video-preview:-1"},"canonical":"https:\/\/danielricardogonzalez.com\/de\/produkt\/cocina-i\/","og_locale":"de_DE","og_type":"article","og_title":"COCINA I - Daniel Ricardo Gonz\u00e1lez","og_description":"When the nearly 90 years old Cuban woman Josie Alonso opened the door for Daniel Ricardo Gonz\u00e1lez his dream as a photographer came true. This legendary colonial style villa in Havana was built in 1929 by the late vice president of the Camag\u00fcey Railways and has been owned by the Alonso family ever since.  Through his camera Daniel immersed himself into this architectural magic in the spring of 2018. During the time he spent at \u201cCasa Alonso\u201d he photographed its beguiling beauty. The photo series \u201cCasa Alonso\u201d pays homage to the transience of beauty as well as the charm of morbidity. As we look at the photographs of \u201cCasa Alonso\u201d we figuratively stroll through this house while being enchanted by its colors and details...and it is almost as if we can even sense the smells.  &nbsp;","og_url":"https:\/\/danielricardogonzalez.com\/de\/produkt\/cocina-i\/","og_site_name":"Daniel Ricardo Gonz\u00e1lez","article_modified_time":"2021-06-05T20:55:23+00:00","og_image":[{"width":1581,"height":1581,"url":"https:\/\/danielricardogonzalez.com\/wp-content\/uploads\/2021\/01\/COCINA-I-CASA-ALONSO-\u00a9-Daniel-Ricardo-Gonzalez.jpg","type":"image\/jpeg"}],"twitter_card":"summary_large_image","twitter_misc":{"Gesch\u00e4tzte Lesezeit":"1\u00a0Minute"},"schema":{"@context":"https:\/\/schema.org","@graph":[{"@type":"WebPage","@id":"https:\/\/danielricardogonzalez.com\/en\/produkt\/cocina-i\/","url":"https:\/\/danielricardogonzalez.com\/en\/produkt\/cocina-i\/","name":"COCINA I - Daniel Ricardo Gonz\u00e1lez","isPartOf":{"@id":"https:\/\/danielricardogonzalez.com\/en\/#website"},"primaryImageOfPage":{"@id":"https:\/\/danielricardogonzalez.com\/en\/produkt\/cocina-i\/#primaryimage"},"image":{"@id":"https:\/\/danielricardogonzalez.com\/en\/produkt\/cocina-i\/#primaryimage"},"thumbnailUrl":"https:\/\/danielricardogonzalez.com\/wp-content\/uploads\/2021\/01\/COCINA-I-CASA-ALONSO-\u00a9-Daniel-Ricardo-Gonzalez.jpg","datePublished":"2021-02-12T21:45:22+00:00","dateModified":"2021-06-05T20:55:23+00:00","breadcrumb":{"@id":"https:\/\/danielricardogonzalez.com\/en\/produkt\/cocina-i\/#breadcrumb"},"inLanguage":"de","potentialAction":[{"@type":"ReadAction","target":["https:\/\/danielricardogonzalez.com\/en\/produkt\/cocina-i\/"]}]},{"@type":"ImageObject","inLanguage":"de","@id":"https:\/\/danielricardogonzalez.com\/en\/produkt\/cocina-i\/#primaryimage","url":"https:\/\/danielricardogonzalez.com\/wp-content\/uploads\/2021\/01\/COCINA-I-CASA-ALONSO-\u00a9-Daniel-Ricardo-Gonzalez.jpg","contentUrl":"https:\/\/danielricardogonzalez.com\/wp-content\/uploads\/2021\/01\/COCINA-I-CASA-ALONSO-\u00a9-Daniel-Ricardo-Gonzalez.jpg","width":1581,"height":1581,"caption":"2018, 40 x 40 cm | 60 x 60 cm | 90 x 90 cm | 120 x 120 cm | Museumsglas | Edition 10 + 1 AP"},{"@type":"BreadcrumbList","@id":"https:\/\/danielricardogonzalez.com\/en\/produkt\/cocina-i\/#breadcrumb","itemListElement":[{"@type":"ListItem","position":1,"name":"Startseite","item":"https:\/\/danielricardogonzalez.com\/en\/"},{"@type":"ListItem","position":2,"name":"SHOP","item":"https:\/\/danielricardogonzalez.com\/en\/shop-2\/"},{"@type":"ListItem","position":3,"name":"COCINA I"}]},{"@type":"WebSite","@id":"https:\/\/danielricardogonzalez.com\/en\/#website","url":"https:\/\/danielricardogonzalez.com\/en\/","name":"Daniel Ricardo Gonz\u00e1lez","description":"The son of a Spaniard and a half-French woman. His great talent is to abduct the viewer into magical lost places through his photographs.","publisher":{"@id":"https:\/\/danielricardogonzalez.com\/en\/#organization"},"potentialAction":[{"@type":"SearchAction","target":{"@type":"EntryPoint","urlTemplate":"https:\/\/danielricardogonzalez.com\/en\/?s={search_term_string}"},"query-input":{"@type":"PropertyValueSpecification","valueRequired":true,"valueName":"search_term_string"}}],"inLanguage":"de"},{"@type":"Organization","@id":"https:\/\/danielricardogonzalez.com\/en\/#organization","name":"Daniel Ricardo Gonz\u00e1lez","url":"https:\/\/danielricardogonzalez.com\/en\/","logo":{"@type":"ImageObject","inLanguage":"de","@id":"https:\/\/danielricardogonzalez.com\/en\/#\/schema\/logo\/image\/","url":"https:\/\/danielricardogonzalez.com\/wp-content\/uploads\/2022\/09\/COCINA-III-CASA-ALONSO-\u00a9-Daniel-Ricardo-Gonzalez.jpg","contentUrl":"https:\/\/danielricardogonzalez.com\/wp-content\/uploads\/2022\/09\/COCINA-III-CASA-ALONSO-\u00a9-Daniel-Ricardo-Gonzalez.jpg","width":1731,"height":1154,"caption":"Daniel Ricardo Gonz\u00e1lez"},"image":{"@id":"https:\/\/danielricardogonzalez.com\/en\/#\/schema\/logo\/image\/"}}]}},"_links":{"self":[{"href":"https:\/\/danielricardogonzalez.com\/de\/wp-json\/wp\/v2\/product\/4166","targetHints":{"allow":["GET"]}}],"collection":[{"href":"https:\/\/danielricardogonzalez.com\/de\/wp-json\/wp\/v2\/product"}],"about":[{"href":"https:\/\/danielricardogonzalez.com\/de\/wp-json\/wp\/v2\/types\/product"}],"wp:featuredmedia":[{"embeddable":true,"href":"https:\/\/danielricardogonzalez.com\/de\/wp-json\/wp\/v2\/media\/2788"}],"wp:attachment":[{"href":"https:\/\/danielricardogonzalez.com\/de\/wp-json\/wp\/v2\/media?parent=4166"}],"wp:term":[{"taxonomy":"product_brand","embeddable":true,"href":"https:\/\/danielricardogonzalez.com\/de\/wp-json\/wp\/v2\/product_brand?post=4166"},{"taxonomy":"product_cat","embeddable":true,"href":"https:\/\/danielricardogonzalez.com\/de\/wp-json\/wp\/v2\/product_cat?post=4166"},{"taxonomy":"product_tag","embeddable":true,"href":"https:\/\/danielricardogonzalez.com\/de\/wp-json\/wp\/v2\/product_tag?post=4166"}],"curies":[{"name":"wp","href":"https:\/\/api.w.org\/{rel}","templated":true}]}}