{"id":3890,"date":"2021-02-06T06:06:39","date_gmt":"2021-02-06T05:06:39","guid":{"rendered":"https:\/\/danielricardogonzalez.com\/?page_id=3890"},"modified":"2025-11-24T14:57:39","modified_gmt":"2025-11-24T13:57:39","slug":"shop","status":"publish","type":"page","link":"https:\/\/danielricardogonzalez.com\/de\/shop\/","title":{"rendered":"SHOP"},"content":{"rendered":"<div data-elementor-type=\"wp-post\" data-elementor-id=\"3890\" class=\"elementor elementor-3890\">\n\t\t\t\t\t\t<section class=\"jarallax lazyload elementor-section elementor-top-section elementor-element elementor-element-6ca7ac8d elementor-section-boxed elementor-section-height-default elementor-section-height-default\" data-jarallax=\"\" data-speed=\"0.75\" data-type=\"scroll\" data-parallax=\"scroll\" style=\"background-image:url(&quot;https:\/\/danielricardogonzalez.com\/wp-content\/uploads\/2021\/01\/Morgendaemmerung-bei-den-3-Zinnen-Sextner-Dolomiten-Suedtirol-I-H.jpg&quot;);\" data-image-src=\"https:\/\/danielricardogonzalez.com\/wp-content\/uploads\/2021\/01\/Morgendaemmerung-bei-den-3-Zinnen-Sextner-Dolomiten-Suedtirol-I-H.jpg\" data-id=\"6ca7ac8d\" data-element_type=\"section\" data-e-type=\"section\" data-settings=\"{&quot;background_background&quot;:&quot;classic&quot;}\">\n\t\t\t\t\t\t\t<div class=\"elementor-background-overlay\"><\/div>\n\t\t\t\t\t\t\t<div class=\"elementor-container elementor-column-gap-default\">\n\t\t\t\t\t<div class=\"elementor-column elementor-col-100 elementor-top-column elementor-element elementor-element-5f8a0583\" data-id=\"5f8a0583\" data-element_type=\"column\" data-e-type=\"column\">\n\t\t\t<div class=\"elementor-widget-wrap elementor-element-populated\">\n\t\t\t\t\t\t<div class=\"elementor-element elementor-element-2fff1470 section-align-center section-size-default subtitle-style-default elementor-widget elementor-widget-section-heading\" data-id=\"2fff1470\" data-element_type=\"widget\" data-e-type=\"widget\" data-widget_type=\"section-heading.default\">\n\t\t\t\t<div class=\"elementor-widget-container\">\n\t\t\t\t\t<div class=\"section-heading headingstyle-subtitle\"><h5 class=\"entry-sub-title section-sub-title\">gallery<\/h5><div class=\"section-title-wrapper\"><h1 class=\"entry-title section-title\">SHOP<\/h1><\/div><div class=\"section-description clearfix\"><div class=\"section-description-inner\"><p class=\"translation-block\">Alle Motive hier im Shop und alle anderen aus meinen Kollektionen sind in\nlimitierter Auflage und in unterschiedlichen Materialien lieferbar. W\u00fcnschen Sie eine Sondergr\u00f6\u00dfe oder ein nicht aufgef\u00fchrtes Druckverfahren? Dann nehmen Sie bitte mit mir Kontakt auf, gerne erstelle ich Ihnen ein individuelles Angebot. \n\nSchall absorbierende Wandbilder f\u00fcr \u00dcbergr\u00f6\u00dfen sind mit Panografien aufgrund der sehr hohen Aufl\u00f6sung sehr gut geeignet.\nGerne animiere ich Ihr Wunschbild in Ihre R\u00e4umlichkeiten. Bitte senden Sie mir dazu ein Bild der Wand, f\u00fcr welches Sie eines meiner Werke vorgesehen haben.<\/p>\n<\/div><\/div><\/div>\t\t\t\t<\/div>\n\t\t\t\t<\/div>\n\t\t\t\t\t<\/div>\n\t\t<\/div>\n\t\t\t\t\t<\/div>\n\t\t<\/section>\n\t\t\t\t<section class=\"elementor-section elementor-top-section elementor-element elementor-element-c029d31 elementor-section-boxed elementor-section-height-default elementor-section-height-default\" data-id=\"c029d31\" data-element_type=\"section\" data-e-type=\"section\">\n\t\t\t\t\t\t<div class=\"elementor-container elementor-column-gap-default\">\n\t\t\t\t\t<div class=\"elementor-column elementor-col-100 elementor-top-column elementor-element elementor-element-232a200\" data-id=\"232a200\" data-element_type=\"column\" data-e-type=\"column\">\n\t\t\t<div class=\"elementor-widget-wrap elementor-element-populated\">\n\t\t\t\t\t\t<div class=\"elementor-element elementor-element-5c15897 elementor-widget elementor-widget-spacer\" data-id=\"5c15897\" data-element_type=\"widget\" data-e-type=\"widget\" data-widget_type=\"spacer.default\">\n\t\t\t\t<div class=\"elementor-widget-container\">\n\t\t\t\t\t\t\t<div class=\"elementor-spacer\">\n\t\t\t<div class=\"elementor-spacer-inner\"><\/div>\n\t\t<\/div>\n\t\t\t\t\t\t<\/div>\n\t\t\t\t<\/div>\n\t\t\t\t\t<\/div>\n\t\t<\/div>\n\t\t\t\t\t<\/div>\n\t\t<\/section>\n\t\t\t\t<section class=\"elementor-section elementor-top-section elementor-element elementor-element-d8be46c elementor-section-boxed elementor-section-height-default elementor-section-height-default\" data-id=\"d8be46c\" data-element_type=\"section\" data-e-type=\"section\">\n\t\t\t\t\t\t<div class=\"elementor-container elementor-column-gap-default\">\n\t\t\t\t\t<div class=\"elementor-column elementor-col-100 elementor-top-column elementor-element elementor-element-aae89c4\" data-id=\"aae89c4\" data-element_type=\"column\" data-e-type=\"column\">\n\t\t\t<div class=\"elementor-widget-wrap elementor-element-populated\">\n\t\t\t\t\t\t<div class=\"elementor-element elementor-element-e44098c elementor-widget elementor-widget-spacer\" data-id=\"e44098c\" data-element_type=\"widget\" data-e-type=\"widget\" data-widget_type=\"spacer.default\">\n\t\t\t\t<div class=\"elementor-widget-container\">\n\t\t\t\t\t\t\t<div class=\"elementor-spacer\">\n\t\t\t<div class=\"elementor-spacer-inner\"><\/div>\n\t\t<\/div>\n\t\t\t\t\t\t<\/div>\n\t\t\t\t<\/div>\n\t\t\t\t\t<\/div>\n\t\t<\/div>\n\t\t\t\t\t<\/div>\n\t\t<\/section>\n\t\t\t\t<section class=\"elementor-section elementor-top-section elementor-element elementor-element-31aaf13c elementor-section-boxed elementor-section-height-default elementor-section-height-default\" data-id=\"31aaf13c\" data-element_type=\"section\" data-e-type=\"section\">\n\t\t\t\t\t\t<div class=\"elementor-container elementor-column-gap-wide\">\n\t\t\t\t\t<div class=\"elementor-column elementor-col-100 elementor-top-column elementor-element elementor-element-7f995731\" data-id=\"7f995731\" data-element_type=\"column\" data-e-type=\"column\">\n\t\t\t<div class=\"elementor-widget-wrap elementor-element-populated\">\n\t\t\t\t\t\t<div class=\"elementor-element elementor-element-7120fccf elementor-widget elementor-widget-thumbnails-grid\" data-id=\"7120fccf\" data-element_type=\"widget\" data-e-type=\"widget\" data-widget_type=\"thumbnails-grid.default\">\n\t\t\t\t<div class=\"elementor-widget-container\">\n\t\t\t\t\t<div class=\"thumbnails-shortcode gridblock-columns-wrap grid-style-wall-spaced-wrap clearfix\"><div class=\"thumbnails-grid-container lightgallery-container grid-style-wall-spaced thumbnail-gutter-spaced    boxtitle-active gridblock-three  has-effect-zoom\"  data-columns=\"3\"><div class=\"gridblock-element  grid-animate-display-all isotope-displayed gridblock-thumbnail-id-4551 gridblock-col-1\"><div class=\"gridblock-ajax gridblock-grid-element gridblock-element-inner\" data-rel=\"3890\"><div class=\"gridblock-background-hover\"><a class=\"gridblock-sole-link\" href=\"https:\/\/danielricardogonzalez.com\/de\/produkt-kategorie\/fragments-of-a-forgotten-symphony\/\" data-title=\"FRAGMENTS OF A FORGOTTEN SYMPHONY\"><div class=\"gridblock-links-wrap\"><\/div><div class=\"boxtitle-hover\"><div class=\"work-details\"><h4>FRAGMENTS OF A FORGOTTEN SYMPHONY<\/h4><p class=\"entry-content work-description\"><\/p><\/div><\/div><\/a><\/div><img decoding=\"async\" class=\"preload-image lazyload displayed-image\" src=\"https:\/\/danielricardogonzalez.com\/wp-content\/themes\/blacksilver\/images\/placeholders\/placeholder-770x770.gif\" data-src=\"https:\/\/danielricardogonzalez.com\/wp-content\/uploads\/2021\/02\/Mingle-Fragments-Of-A-Forgotten-Symphony-\u00a9-Kindle-Gonzalez-P-770x770.jpg\" alt=\"\"><\/div><\/div><div class=\"gridblock-element  grid-animate-display-all isotope-displayed gridblock-thumbnail-id-4587 gridblock-col-2\"><div class=\"gridblock-ajax gridblock-grid-element gridblock-element-inner\" data-rel=\"3890\"><div class=\"gridblock-background-hover\"><a class=\"gridblock-sole-link\" href=\"https:\/\/danielricardogonzalez.com\/de\/produkt-kategorie\/casa-alonso-a-day-in-havanna\/\" data-title=\"CASA ALONSO | A DAY IN HAVANNA\"><div class=\"gridblock-links-wrap\"><\/div><div class=\"boxtitle-hover\"><div class=\"work-details\"><h4>CASA ALONSO | EIN TAG IN HAVANNA<\/h4><p class=\"entry-content work-description\"><\/p><\/div><\/div><\/a><\/div><img decoding=\"async\" class=\"preload-image lazyload displayed-image\" src=\"https:\/\/danielricardogonzalez.com\/wp-content\/themes\/blacksilver\/images\/placeholders\/placeholder-770x770.gif\" data-src=\"https:\/\/danielricardogonzalez.com\/wp-content\/uploads\/2021\/02\/COCINA-I-CASA-ALONSO-\u00a9-Daniel-Ricardo-Gonzalez-P-770x770.jpg\" alt=\"\"><\/div><\/div><div class=\"gridblock-element  grid-animate-display-all isotope-displayed gridblock-thumbnail-id-4552 gridblock-col-3\"><div class=\"gridblock-ajax gridblock-grid-element gridblock-element-inner\" data-rel=\"3890\"><div class=\"gridblock-background-hover\"><a class=\"gridblock-sole-link\" href=\"https:\/\/danielricardogonzalez.com\/de\/produkt-kategorie\/the-orient-enchanting-architecture\/\" data-title=\"THE ORIENT | ENCHANTING ARCHITECTURE\"><div class=\"gridblock-links-wrap\"><\/div><div class=\"boxtitle-hover\"><div class=\"work-details\"><h4>DER ORIENT | BEZAUBERNDE ARCHITEKTUR<\/h4><p class=\"entry-content work-description\"><\/p><\/div><\/div><\/a><\/div><img decoding=\"async\" class=\"preload-image lazyload displayed-image\" src=\"https:\/\/danielricardogonzalez.com\/wp-content\/themes\/blacksilver\/images\/placeholders\/placeholder-770x770.gif\" data-src=\"https:\/\/danielricardogonzalez.com\/wp-content\/uploads\/2021\/02\/Pink-I-THE-ORIENT-\u00a9-Daniel-Ricardo-Gonzalez-P-770x770.jpg\" alt=\"\"><\/div><\/div><div class=\"gridblock-element  grid-animate-display-all isotope-displayed gridblock-thumbnail-id-4556 gridblock-col-1\"><div class=\"gridblock-ajax gridblock-grid-element gridblock-element-inner\" data-rel=\"3890\"><div class=\"gridblock-background-hover\"><a class=\"gridblock-sole-link\" href=\"https:\/\/danielricardogonzalez.com\/de\/produkt-kategorie\/landscape\/\" data-title=\"LANDSCAPE\"><div class=\"gridblock-links-wrap\"><\/div><div class=\"boxtitle-hover\"><div class=\"work-details\"><h4>LANDSCHAFTEN<\/h4><p class=\"entry-content work-description\"><\/p><\/div><\/div><\/a><\/div><img decoding=\"async\" class=\"preload-image lazyload displayed-image\" src=\"https:\/\/danielricardogonzalez.com\/wp-content\/themes\/blacksilver\/images\/placeholders\/placeholder-770x770.gif\" data-src=\"https:\/\/danielricardogonzalez.com\/wp-content\/uploads\/2021\/02\/Colca-Canyon-Hummingbird-\u00a9-Daniel-Ricardo-Gonzalez-P-770x770.jpg\" alt=\"\"><\/div><\/div><div class=\"gridblock-element  grid-animate-display-all isotope-displayed gridblock-thumbnail-id-4588 gridblock-col-2\"><div class=\"gridblock-ajax gridblock-grid-element gridblock-element-inner\" data-rel=\"3890\"><div class=\"gridblock-background-hover\"><a class=\"gridblock-sole-link\" href=\"https:\/\/danielricardogonzalez.com\/de\/produkt-kategorie\/fascination-lost-places\/\" data-title=\"FASCINATION LOST PLACES\"><div class=\"gridblock-links-wrap\"><\/div><div class=\"boxtitle-hover\"><div class=\"work-details\"><h4>FASZINATION LOST PLACES<\/h4><p class=\"entry-content work-description\"><\/p><\/div><\/div><\/a><\/div><img decoding=\"async\" class=\"preload-image lazyload displayed-image\" src=\"https:\/\/danielricardogonzalez.com\/wp-content\/themes\/blacksilver\/images\/placeholders\/placeholder-770x770.gif\" data-src=\"https:\/\/danielricardogonzalez.com\/wp-content\/uploads\/2021\/02\/Farmers-kitchen.-\u00a9-Daniel-Ricardo-Gonzalez-P-770x770.jpg\" alt=\"\"><\/div><\/div><div class=\"gridblock-element  grid-animate-display-all isotope-displayed gridblock-thumbnail-id-4553 gridblock-col-3\"><div class=\"gridblock-ajax gridblock-grid-element gridblock-element-inner\" data-rel=\"3890\"><div class=\"gridblock-background-hover\"><a class=\"gridblock-sole-link\" href=\"https:\/\/danielricardogonzalez.com\/de\/produkt-kategorie\/people-around-the-world\/\" data-title=\"PEOPLE AROUND THE WORLD\"><div class=\"gridblock-links-wrap\"><\/div><div class=\"boxtitle-hover\"><div class=\"work-details\"><h4>MENSCHEN DIESER WELT<\/h4><p class=\"entry-content work-description\"><\/p><\/div><\/div><\/a><\/div><img decoding=\"async\" class=\"preload-image lazyload displayed-image\" src=\"https:\/\/danielricardogonzalez.com\/wp-content\/themes\/blacksilver\/images\/placeholders\/placeholder-770x770.gif\" data-src=\"https:\/\/danielricardogonzalez.com\/wp-content\/uploads\/2021\/02\/Pisco-Sour-\u00a9-Daniel-Ricardo-Gonzalez-P-770x770.jpg\" alt=\"\"><\/div><\/div><\/div><\/div>\t\t\t\t<\/div>\n\t\t\t\t<\/div>\n\t\t\t\t\t<\/div>\n\t\t<\/div>\n\t\t\t\t\t<\/div>\n\t\t<\/section>\n\t\t\t\t<\/div>","protected":false},"excerpt":{"rendered":"<p>gallery SHOP All motifs here in the shop and all the others from my collections are available in limited editions and in different materials. Would you like a special size or a printing process not listed? Then please contact me, I would be happy to make you an individual offer.Sound-absorbing murals for oversizes are very well suited with panographies due to the very high resolution.I would be happy to animate your desired image in your premises, please send me a [&hellip;]<\/p>\n","protected":false},"author":4,"featured_media":3395,"parent":0,"menu_order":1,"comment_status":"closed","ping_status":"closed","template":"","meta":{"footnotes":""},"class_list":["post-3890","page","type-page","status-publish","has-post-thumbnail","hentry"],"yoast_head":"<!-- This site is optimized with the Yoast SEO plugin v27.3 - https:\/\/yoast.com\/product\/yoast-seo-wordpress\/ -->\n<title>SHOP - Daniel Ricardo Gonz\u00e1lez<\/title>\n<meta name=\"description\" content=\"All motifs here in the shop and all the others from my collections are available in limited editions and in different materials.\" \/>\n<meta name=\"robots\" content=\"index, follow, max-snippet:-1, max-image-preview:large, max-video-preview:-1\" \/>\n<link rel=\"canonical\" href=\"https:\/\/danielricardogonzalez.com\/de\/shop\/\" \/>\n<meta property=\"og:locale\" content=\"de_DE\" \/>\n<meta property=\"og:type\" content=\"article\" \/>\n<meta property=\"og:title\" content=\"SHOP - Daniel Ricardo Gonz\u00e1lez\" \/>\n<meta property=\"og:description\" content=\"All motifs here in the shop and all the others from my collections are available in limited editions and in different materials.\" \/>\n<meta property=\"og:url\" content=\"https:\/\/danielricardogonzalez.com\/de\/shop\/\" \/>\n<meta property=\"og:site_name\" content=\"Daniel Ricardo Gonz\u00e1lez\" \/>\n<meta property=\"article:modified_time\" content=\"2025-11-24T13:57:39+00:00\" \/>\n<meta property=\"og:image\" content=\"https:\/\/danielricardogonzalez.com\/wp-content\/uploads\/2021\/01\/FRAGMENTS-OF-FORGOTTEN-SYMPHONY.jpg\" \/>\n\t<meta property=\"og:image:width\" content=\"1224\" \/>\n\t<meta property=\"og:image:height\" content=\"816\" \/>\n\t<meta property=\"og:image:type\" content=\"image\/jpeg\" \/>\n<meta name=\"twitter:card\" content=\"summary_large_image\" \/>\n<meta name=\"twitter:label1\" content=\"Gesch\u00e4tzte Lesezeit\" \/>\n\t<meta name=\"twitter:data1\" content=\"2\u00a0Minuten\" \/>\n<script type=\"application\/ld+json\" class=\"yoast-schema-graph\">{\"@context\":\"https:\\\/\\\/schema.org\",\"@graph\":[{\"@type\":\"WebPage\",\"@id\":\"https:\\\/\\\/danielricardogonzalez.com\\\/shop\\\/\",\"url\":\"https:\\\/\\\/danielricardogonzalez.com\\\/shop\\\/\",\"name\":\"SHOP - Daniel Ricardo Gonz\u00e1lez\",\"isPartOf\":{\"@id\":\"https:\\\/\\\/danielricardogonzalez.com\\\/en\\\/#website\"},\"primaryImageOfPage\":{\"@id\":\"https:\\\/\\\/danielricardogonzalez.com\\\/shop\\\/#primaryimage\"},\"image\":{\"@id\":\"https:\\\/\\\/danielricardogonzalez.com\\\/shop\\\/#primaryimage\"},\"thumbnailUrl\":\"https:\\\/\\\/danielricardogonzalez.com\\\/wp-content\\\/uploads\\\/2021\\\/01\\\/FRAGMENTS-OF-FORGOTTEN-SYMPHONY.jpg\",\"datePublished\":\"2021-02-06T05:06:39+00:00\",\"dateModified\":\"2025-11-24T13:57:39+00:00\",\"description\":\"All motifs here in the shop and all the others from my collections are available in limited editions and in different materials.\",\"breadcrumb\":{\"@id\":\"https:\\\/\\\/danielricardogonzalez.com\\\/shop\\\/#breadcrumb\"},\"inLanguage\":\"de\",\"potentialAction\":[{\"@type\":\"ReadAction\",\"target\":[\"https:\\\/\\\/danielricardogonzalez.com\\\/shop\\\/\"]}]},{\"@type\":\"ImageObject\",\"inLanguage\":\"de\",\"@id\":\"https:\\\/\\\/danielricardogonzalez.com\\\/shop\\\/#primaryimage\",\"url\":\"https:\\\/\\\/danielricardogonzalez.com\\\/wp-content\\\/uploads\\\/2021\\\/01\\\/FRAGMENTS-OF-FORGOTTEN-SYMPHONY.jpg\",\"contentUrl\":\"https:\\\/\\\/danielricardogonzalez.com\\\/wp-content\\\/uploads\\\/2021\\\/01\\\/FRAGMENTS-OF-FORGOTTEN-SYMPHONY.jpg\",\"width\":1224,\"height\":816,\"caption\":\"Thumbnail\"},{\"@type\":\"BreadcrumbList\",\"@id\":\"https:\\\/\\\/danielricardogonzalez.com\\\/shop\\\/#breadcrumb\",\"itemListElement\":[{\"@type\":\"ListItem\",\"position\":1,\"name\":\"Startseite\",\"item\":\"https:\\\/\\\/danielricardogonzalez.com\\\/en\\\/\"},{\"@type\":\"ListItem\",\"position\":2,\"name\":\"SHOP\"}]},{\"@type\":\"WebSite\",\"@id\":\"https:\\\/\\\/danielricardogonzalez.com\\\/en\\\/#website\",\"url\":\"https:\\\/\\\/danielricardogonzalez.com\\\/en\\\/\",\"name\":\"Daniel Ricardo Gonz\u00e1lez\",\"description\":\"The son of a Spaniard and a half-French woman. His great talent is to abduct the viewer into magical lost places through his photographs.\",\"publisher\":{\"@id\":\"https:\\\/\\\/danielricardogonzalez.com\\\/en\\\/#organization\"},\"potentialAction\":[{\"@type\":\"SearchAction\",\"target\":{\"@type\":\"EntryPoint\",\"urlTemplate\":\"https:\\\/\\\/danielricardogonzalez.com\\\/en\\\/?s={search_term_string}\"},\"query-input\":{\"@type\":\"PropertyValueSpecification\",\"valueRequired\":true,\"valueName\":\"search_term_string\"}}],\"inLanguage\":\"de\"},{\"@type\":\"Organization\",\"@id\":\"https:\\\/\\\/danielricardogonzalez.com\\\/en\\\/#organization\",\"name\":\"Daniel Ricardo Gonz\u00e1lez\",\"url\":\"https:\\\/\\\/danielricardogonzalez.com\\\/en\\\/\",\"logo\":{\"@type\":\"ImageObject\",\"inLanguage\":\"de\",\"@id\":\"https:\\\/\\\/danielricardogonzalez.com\\\/en\\\/#\\\/schema\\\/logo\\\/image\\\/\",\"url\":\"https:\\\/\\\/danielricardogonzalez.com\\\/wp-content\\\/uploads\\\/2022\\\/09\\\/COCINA-III-CASA-ALONSO-\u00a9-Daniel-Ricardo-Gonzalez.jpg\",\"contentUrl\":\"https:\\\/\\\/danielricardogonzalez.com\\\/wp-content\\\/uploads\\\/2022\\\/09\\\/COCINA-III-CASA-ALONSO-\u00a9-Daniel-Ricardo-Gonzalez.jpg\",\"width\":1731,\"height\":1154,\"caption\":\"Daniel Ricardo Gonz\u00e1lez\"},\"image\":{\"@id\":\"https:\\\/\\\/danielricardogonzalez.com\\\/en\\\/#\\\/schema\\\/logo\\\/image\\\/\"}}]}<\/script>\n<!-- \/ Yoast SEO plugin. -->","yoast_head_json":{"title":"SHOP - Daniel Ricardo Gonz\u00e1lez","description":"All motifs here in the shop and all the others from my collections are available in limited editions and in different materials.","robots":{"index":"index","follow":"follow","max-snippet":"max-snippet:-1","max-image-preview":"max-image-preview:large","max-video-preview":"max-video-preview:-1"},"canonical":"https:\/\/danielricardogonzalez.com\/de\/shop\/","og_locale":"de_DE","og_type":"article","og_title":"SHOP - Daniel Ricardo Gonz\u00e1lez","og_description":"All motifs here in the shop and all the others from my collections are available in limited editions and in different materials.","og_url":"https:\/\/danielricardogonzalez.com\/de\/shop\/","og_site_name":"Daniel Ricardo Gonz\u00e1lez","article_modified_time":"2025-11-24T13:57:39+00:00","og_image":[{"width":1224,"height":816,"url":"https:\/\/danielricardogonzalez.com\/wp-content\/uploads\/2021\/01\/FRAGMENTS-OF-FORGOTTEN-SYMPHONY.jpg","type":"image\/jpeg"}],"twitter_card":"summary_large_image","twitter_misc":{"Gesch\u00e4tzte Lesezeit":"2\u00a0Minuten"},"schema":{"@context":"https:\/\/schema.org","@graph":[{"@type":"WebPage","@id":"https:\/\/danielricardogonzalez.com\/shop\/","url":"https:\/\/danielricardogonzalez.com\/shop\/","name":"SHOP - Daniel Ricardo Gonz\u00e1lez","isPartOf":{"@id":"https:\/\/danielricardogonzalez.com\/en\/#website"},"primaryImageOfPage":{"@id":"https:\/\/danielricardogonzalez.com\/shop\/#primaryimage"},"image":{"@id":"https:\/\/danielricardogonzalez.com\/shop\/#primaryimage"},"thumbnailUrl":"https:\/\/danielricardogonzalez.com\/wp-content\/uploads\/2021\/01\/FRAGMENTS-OF-FORGOTTEN-SYMPHONY.jpg","datePublished":"2021-02-06T05:06:39+00:00","dateModified":"2025-11-24T13:57:39+00:00","description":"All motifs here in the shop and all the others from my collections are available in limited editions and in different materials.","breadcrumb":{"@id":"https:\/\/danielricardogonzalez.com\/shop\/#breadcrumb"},"inLanguage":"de","potentialAction":[{"@type":"ReadAction","target":["https:\/\/danielricardogonzalez.com\/shop\/"]}]},{"@type":"ImageObject","inLanguage":"de","@id":"https:\/\/danielricardogonzalez.com\/shop\/#primaryimage","url":"https:\/\/danielricardogonzalez.com\/wp-content\/uploads\/2021\/01\/FRAGMENTS-OF-FORGOTTEN-SYMPHONY.jpg","contentUrl":"https:\/\/danielricardogonzalez.com\/wp-content\/uploads\/2021\/01\/FRAGMENTS-OF-FORGOTTEN-SYMPHONY.jpg","width":1224,"height":816,"caption":"Thumbnail"},{"@type":"BreadcrumbList","@id":"https:\/\/danielricardogonzalez.com\/shop\/#breadcrumb","itemListElement":[{"@type":"ListItem","position":1,"name":"Startseite","item":"https:\/\/danielricardogonzalez.com\/en\/"},{"@type":"ListItem","position":2,"name":"SHOP"}]},{"@type":"WebSite","@id":"https:\/\/danielricardogonzalez.com\/en\/#website","url":"https:\/\/danielricardogonzalez.com\/en\/","name":"Daniel Ricardo Gonz\u00e1lez","description":"The son of a Spaniard and a half-French woman. His great talent is to abduct the viewer into magical lost places through his photographs.","publisher":{"@id":"https:\/\/danielricardogonzalez.com\/en\/#organization"},"potentialAction":[{"@type":"SearchAction","target":{"@type":"EntryPoint","urlTemplate":"https:\/\/danielricardogonzalez.com\/en\/?s={search_term_string}"},"query-input":{"@type":"PropertyValueSpecification","valueRequired":true,"valueName":"search_term_string"}}],"inLanguage":"de"},{"@type":"Organization","@id":"https:\/\/danielricardogonzalez.com\/en\/#organization","name":"Daniel Ricardo Gonz\u00e1lez","url":"https:\/\/danielricardogonzalez.com\/en\/","logo":{"@type":"ImageObject","inLanguage":"de","@id":"https:\/\/danielricardogonzalez.com\/en\/#\/schema\/logo\/image\/","url":"https:\/\/danielricardogonzalez.com\/wp-content\/uploads\/2022\/09\/COCINA-III-CASA-ALONSO-\u00a9-Daniel-Ricardo-Gonzalez.jpg","contentUrl":"https:\/\/danielricardogonzalez.com\/wp-content\/uploads\/2022\/09\/COCINA-III-CASA-ALONSO-\u00a9-Daniel-Ricardo-Gonzalez.jpg","width":1731,"height":1154,"caption":"Daniel Ricardo Gonz\u00e1lez"},"image":{"@id":"https:\/\/danielricardogonzalez.com\/en\/#\/schema\/logo\/image\/"}}]}},"_links":{"self":[{"href":"https:\/\/danielricardogonzalez.com\/de\/wp-json\/wp\/v2\/pages\/3890","targetHints":{"allow":["GET"]}}],"collection":[{"href":"https:\/\/danielricardogonzalez.com\/de\/wp-json\/wp\/v2\/pages"}],"about":[{"href":"https:\/\/danielricardogonzalez.com\/de\/wp-json\/wp\/v2\/types\/page"}],"author":[{"embeddable":true,"href":"https:\/\/danielricardogonzalez.com\/de\/wp-json\/wp\/v2\/users\/4"}],"replies":[{"embeddable":true,"href":"https:\/\/danielricardogonzalez.com\/de\/wp-json\/wp\/v2\/comments?post=3890"}],"version-history":[{"count":102,"href":"https:\/\/danielricardogonzalez.com\/de\/wp-json\/wp\/v2\/pages\/3890\/revisions"}],"predecessor-version":[{"id":12123,"href":"https:\/\/danielricardogonzalez.com\/de\/wp-json\/wp\/v2\/pages\/3890\/revisions\/12123"}],"wp:featuredmedia":[{"embeddable":true,"href":"https:\/\/danielricardogonzalez.com\/de\/wp-json\/wp\/v2\/media\/3395"}],"wp:attachment":[{"href":"https:\/\/danielricardogonzalez.com\/de\/wp-json\/wp\/v2\/media?parent=3890"}],"curies":[{"name":"wp","href":"https:\/\/api.w.org\/{rel}","templated":true}]}}