{"id":3098,"date":"2021-01-23T18:34:47","date_gmt":"2021-01-23T17:34:47","guid":{"rendered":"https:\/\/danielricardogonzalez.com\/?page_id=3098"},"modified":"2021-03-01T14:53:12","modified_gmt":"2021-03-01T13:53:12","slug":"imprint","status":"publish","type":"page","link":"https:\/\/danielricardogonzalez.com\/de\/imprint\/","title":{"rendered":"IMPRESSUM"},"content":{"rendered":"<div data-elementor-type=\"wp-post\" data-elementor-id=\"3098\" class=\"elementor elementor-3098\">\n\t\t\t\t\t\t<section class=\"jarallax lazyload elementor-section elementor-top-section elementor-element elementor-element-dc4f68b elementor-section-boxed elementor-section-height-default elementor-section-height-default\" data-jarallax=\"\" data-speed=\"0.75\" data-type=\"scroll\" data-parallax=\"scroll\" style=\"background-image:url(&quot;https:\/\/danielricardogonzalez.com\/wp-content\/uploads\/2021\/01\/Morgendaemmerung-bei-den-3-Zinnen-Sextner-Dolomiten-Suedtirol-I-H.jpg&quot;);\" data-image-src=\"https:\/\/danielricardogonzalez.com\/wp-content\/uploads\/2021\/01\/Morgendaemmerung-bei-den-3-Zinnen-Sextner-Dolomiten-Suedtirol-I-H.jpg\" data-id=\"dc4f68b\" data-element_type=\"section\" data-e-type=\"section\" data-settings=\"{&quot;background_background&quot;:&quot;classic&quot;}\">\n\t\t\t\t\t\t\t<div class=\"elementor-background-overlay\"><\/div>\n\t\t\t\t\t\t\t<div class=\"elementor-container elementor-column-gap-narrow\">\n\t\t\t\t\t<div class=\"elementor-column elementor-col-100 elementor-top-column elementor-element elementor-element-5509dd2\" data-id=\"5509dd2\" data-element_type=\"column\" data-e-type=\"column\">\n\t\t\t<div class=\"elementor-widget-wrap elementor-element-populated\">\n\t\t\t\t\t\t<div class=\"elementor-element elementor-element-2c62237 section-align-center subtitle-style-sidelines section-size-default elementor-widget elementor-widget-section-heading\" data-id=\"2c62237\" data-element_type=\"widget\" data-e-type=\"widget\" data-widget_type=\"section-heading.default\">\n\t\t\t\t<div class=\"elementor-widget-container\">\n\t\t\t\t\t<div class=\"section-heading headingstyle-subtitle\"><h5 class=\"entry-sub-title section-sub-title\">IMPRESSUM<\/h5><div class=\"section-title-wrapper\"><h1 class=\"entry-title section-title\"><\/h1><\/div><\/div>\t\t\t\t<\/div>\n\t\t\t\t<\/div>\n\t\t\t\t\t<\/div>\n\t\t<\/div>\n\t\t\t\t\t<\/div>\n\t\t<\/section>\n\t\t\t\t<section class=\"elementor-section elementor-top-section elementor-element elementor-element-5920c39 elementor-section-boxed elementor-section-height-default elementor-section-height-default\" data-id=\"5920c39\" data-element_type=\"section\" data-e-type=\"section\">\n\t\t\t\t\t\t<div class=\"elementor-container elementor-column-gap-default\">\n\t\t\t\t\t<div class=\"elementor-column elementor-col-100 elementor-top-column elementor-element elementor-element-2bc23bb\" data-id=\"2bc23bb\" data-element_type=\"column\" data-e-type=\"column\">\n\t\t\t<div class=\"elementor-widget-wrap elementor-element-populated\">\n\t\t\t\t\t\t<div class=\"elementor-element elementor-element-20dea4a elementor-widget elementor-widget-spacer\" data-id=\"20dea4a\" data-element_type=\"widget\" data-e-type=\"widget\" data-widget_type=\"spacer.default\">\n\t\t\t\t<div class=\"elementor-widget-container\">\n\t\t\t\t\t\t\t<div class=\"elementor-spacer\">\n\t\t\t<div class=\"elementor-spacer-inner\"><\/div>\n\t\t<\/div>\n\t\t\t\t\t\t<\/div>\n\t\t\t\t<\/div>\n\t\t\t\t\t<\/div>\n\t\t<\/div>\n\t\t\t\t\t<\/div>\n\t\t<\/section>\n\t\t\t\t<section class=\"elementor-section elementor-top-section elementor-element elementor-element-40c4ed7 elementor-section-boxed elementor-section-height-default elementor-section-height-default\" data-id=\"40c4ed7\" data-element_type=\"section\" data-e-type=\"section\">\n\t\t\t\t\t\t<div class=\"elementor-container elementor-column-gap-default\">\n\t\t\t\t\t<div class=\"elementor-column elementor-col-100 elementor-top-column elementor-element elementor-element-bdce30a\" data-id=\"bdce30a\" data-element_type=\"column\" data-e-type=\"column\">\n\t\t\t<div class=\"elementor-widget-wrap elementor-element-populated\">\n\t\t\t\t\t\t<div class=\"elementor-element elementor-element-8eece0e elementor-widget elementor-widget-text-editor\" data-id=\"8eece0e\" data-element_type=\"widget\" data-e-type=\"widget\" data-widget_type=\"text-editor.default\">\n\t\t\t\t<div class=\"elementor-widget-container\">\n\t\t\t\t\t\t\t\t\t<p style=\"text-align: center;\"><span style=\"font-size: 18pt;\"><strong>IMPRESSUM<\/strong><\/span><\/p><p style=\"text-align: center;\"><span style=\"font-size: 18pt;\"><strong>Angaben gem\u00e4\u00df \u00a7 5 TMG:<\/strong><\/span><\/p><p style=\"text-align: center;\">Daniel Ricardo Gonz\u00e1lez<\/p><p style=\"text-align: center;\">M\u00f6ttelinstrasse 12<\/p><p style=\"text-align: center;\">88212 Ravensburg<\/p><p style=\"text-align: center;\"><span style=\"font-size: 18pt;\">Kontakt:<\/span><\/p><p style=\"text-align: center;\">Telefon: +49 (0) 172 869 1205<\/p><p style=\"text-align: center;\">E-Mail: hello(at)danielricardogonzalez.com<\/p><p style=\"text-align: center;\">USt-IdNr.: DE320766316<\/p><p style=\"text-align: center;\"><span style=\"font-size: 18pt;\">Haftungsausschluss (Disclaimer)<\/span><\/p><p style=\"text-align: center;\"><span style=\"font-size: 18pt;\">Haftung f\u00fcr Inhalte<\/span><\/p><p style=\"text-align: center;\">Als Diensteanbieter sind wir gem\u00e4\u00df \u00a7 7 Abs.1 TMG f\u00fcr eigene Inhalte auf diesen Seiten nach den allgemeinen Gesetzen verantwortlich. Nach \u00a7\u00a7 8 bis 10 TMG sind wir als Diensteanbieter jedoch nicht verpflichtet, \u00fcbermittelte oder gespeicherte fremde Informationen zu \u00fcberwachen oder nach Umst\u00e4nden zu forschen, die auf eine rechtswidrige T\u00e4tigkeit hinweisen. Verpflichtungen zur Entfernung oder Sperrung der Nutzung von Informationen nach den allgemeinen Gesetzen bleiben hiervon unber\u00fchrt. Eine diesbez\u00fcgliche Haftung ist jedoch erst ab dem Zeitpunkt der Kenntnis einer konkreten Rechtsverletzung m\u00f6glich. Bei Bekanntwerden von entsprechenden Rechtsverletzungen werden wir diese Inhalte umgehend entfernen.<\/p><p style=\"text-align: center;\"><span style=\"font-size: 18pt;\">Haftung f\u00fcr Links<\/span><\/p><p style=\"text-align: center;\">Unser Angebot enth\u00e4lt Links zu externen Webseiten Dritter, auf deren Inhalte wir keinen Einfluss haben. Deshalb k\u00f6nnen wir f\u00fcr diese fremden Inhalte auch keine Gew\u00e4hr \u00fcbernehmen. F\u00fcr die Inhalte der verlinkten Seiten ist stets der jeweilige Anbieter oder Betreiber der Seiten verantwortlich. Die verlinkten Seiten wurden zum Zeitpunkt der Verlinkung auf m\u00f6gliche Rechtsverst\u00f6\u00dfe \u00fcberpr\u00fcft. Rechtswidrige Inhalte waren zum Zeitpunkt der Verlinkung nicht erkennbar. Eine permanente inhaltliche Kontrolle der verlinkten Seiten ist jedoch ohne konkrete Anhaltspunkte einer Rechtsverletzung nicht zumutbar. Bei Bekanntwerden von Rechtsverletzungen werden wir derartige Links umgehend entfernen.<\/p><p style=\"text-align: center;\"><span style=\"font-size: 18pt;\">Copyright<\/span><\/p><p style=\"text-align: center;\">Die durch die Seitenbetreiber erstellten Inhalte und Werke auf diesen Seiten unterliegen dem deutschen Urheberrecht. Die Vervielf\u00e4ltigung, Bearbeitung, Verbreitung und jede Art der Verwertung au\u00dferhalb der Grenzen des Urheberrechtes bed\u00fcrfen der schriftlichen Zustimmung des jeweiligen Autors bzw. Erstellers. Downloads und Kopien dieser Seite sind nur f\u00fcr den privaten, nicht kommerziellen Gebrauch gestattet. Soweit die Inhalte auf dieser Seite nicht vom Betreiber erstellt wurden, werden die Urheberrechte Dritter beachtet. Insbesondere werden Inhalte Dritter als solche gekennzeichnet. Sollten Sie trotzdem auf eine Urheberrechtsverletzung aufmerksam werden, bitten wir um einen entsprechenden Hinweis. Bei Bekanntwerden von Rechtsverletzungen werden wir derartige Inhalte umgehend entfernen.<\/p><p>\u00a0<\/p><p style=\"text-align: center;\"><span style=\"font-size: 18pt;\">M\u00d6GLICHKEIT DER AUSSERGERICHTLICHEN BEILEGUNG VON STREITIGKEITEN<\/span><br \/>Wir weisen auf die M\u00f6glichkeit der au\u00dfergerichtlichen Beilegung von Streitigkeiten \u00fcber die unter folgendem Link verf\u00fcgbare Plattform der Europ\u00e4ischen Kommission hin:<\/p><p style=\"text-align: center;\"><a href=\"https:\/\/ec.europa.eu\/consumers\/odr\/\">https:\/\/ec.europa.eu\/consumers\/odr\/<\/a><\/p><p>\u00a0<\/p>\t\t\t\t\t\t\t\t<\/div>\n\t\t\t\t<\/div>\n\t\t\t\t\t<\/div>\n\t\t<\/div>\n\t\t\t\t\t<\/div>\n\t\t<\/section>\n\t\t\t\t<\/div>","protected":false},"excerpt":{"rendered":"<p>IMPRINT IMPRINT According to \u00a7 5 TMG: Daniel Ricardo Gonz\u00e1lez M\u00f6ttelinstrasse 12 88212 Ravensburg Contact: Telephone +49 (0) 172 869 1205 E-Mail: hello(at)danielricardogonzalez.com Tax ID number: DE320766316 Exclusion of liability (disclaimer) Liability for content As a service provider, we are responsible for our own content on these pages in accordance with general law in accordance with Section 7 (1) of the German Telemedia Act. According to \u00a7\u00a7 8 to 10 TMG, as a service provider, we are not obliged to [&hellip;]<\/p>\n","protected":false},"author":4,"featured_media":0,"parent":0,"menu_order":0,"comment_status":"closed","ping_status":"closed","template":"","meta":{"footnotes":""},"class_list":["post-3098","page","type-page","status-publish","hentry"],"yoast_head":"<!-- This site is optimized with the Yoast SEO plugin v27.4 - https:\/\/yoast.com\/product\/yoast-seo-wordpress\/ -->\n<title>IMPRINT - Daniel Ricardo Gonz\u00e1lez<\/title>\n<meta name=\"robots\" content=\"index, follow, max-snippet:-1, max-image-preview:large, max-video-preview:-1\" \/>\n<link rel=\"canonical\" href=\"https:\/\/danielricardogonzalez.com\/de\/imprint\/\" \/>\n<meta property=\"og:locale\" content=\"de_DE\" \/>\n<meta property=\"og:type\" content=\"article\" \/>\n<meta property=\"og:title\" content=\"IMPRINT - Daniel Ricardo Gonz\u00e1lez\" \/>\n<meta property=\"og:description\" content=\"IMPRINT IMPRINT According to \u00a7 5 TMG: Daniel Ricardo Gonz\u00e1lez M\u00f6ttelinstrasse 12 88212 Ravensburg Contact: Telephone +49 (0) 172 869 1205 E-Mail: hello(at)danielricardogonzalez.com Tax ID number: DE320766316 Exclusion of liability (disclaimer) Liability for content As a service provider, we are responsible for our own content on these pages in accordance with general law in accordance with Section 7 (1) of the German Telemedia Act. According to \u00a7\u00a7 8 to 10 TMG, as a service provider, we are not obliged to [&hellip;]\" \/>\n<meta property=\"og:url\" content=\"https:\/\/danielricardogonzalez.com\/de\/imprint\/\" \/>\n<meta property=\"og:site_name\" content=\"Daniel Ricardo Gonz\u00e1lez\" \/>\n<meta property=\"article:modified_time\" content=\"2021-03-01T13:53:12+00:00\" \/>\n<meta name=\"twitter:card\" content=\"summary_large_image\" \/>\n<meta name=\"twitter:label1\" content=\"Gesch\u00e4tzte Lesezeit\" \/>\n\t<meta name=\"twitter:data1\" content=\"2\u00a0Minuten\" \/>\n<script type=\"application\/ld+json\" class=\"yoast-schema-graph\">{\"@context\":\"https:\\\/\\\/schema.org\",\"@graph\":[{\"@type\":\"WebPage\",\"@id\":\"https:\\\/\\\/danielricardogonzalez.com\\\/de\\\/imprint\\\/\",\"url\":\"https:\\\/\\\/danielricardogonzalez.com\\\/de\\\/imprint\\\/\",\"name\":\"IMPRINT - Daniel Ricardo Gonz\u00e1lez\",\"isPartOf\":{\"@id\":\"https:\\\/\\\/danielricardogonzalez.com\\\/en\\\/#website\"},\"datePublished\":\"2021-01-23T17:34:47+00:00\",\"dateModified\":\"2021-03-01T13:53:12+00:00\",\"breadcrumb\":{\"@id\":\"https:\\\/\\\/danielricardogonzalez.com\\\/de\\\/imprint\\\/#breadcrumb\"},\"inLanguage\":\"de\",\"potentialAction\":[{\"@type\":\"ReadAction\",\"target\":[\"https:\\\/\\\/danielricardogonzalez.com\\\/de\\\/imprint\\\/\"]}]},{\"@type\":\"BreadcrumbList\",\"@id\":\"https:\\\/\\\/danielricardogonzalez.com\\\/de\\\/imprint\\\/#breadcrumb\",\"itemListElement\":[{\"@type\":\"ListItem\",\"position\":1,\"name\":\"Startseite\",\"item\":\"https:\\\/\\\/danielricardogonzalez.com\\\/en\\\/\"},{\"@type\":\"ListItem\",\"position\":2,\"name\":\"IMPRINT\"}]},{\"@type\":\"WebSite\",\"@id\":\"https:\\\/\\\/danielricardogonzalez.com\\\/en\\\/#website\",\"url\":\"https:\\\/\\\/danielricardogonzalez.com\\\/en\\\/\",\"name\":\"Daniel Ricardo Gonz\u00e1lez\",\"description\":\"The son of a Spaniard and a half-French woman. His great talent is to abduct the viewer into magical lost places through his photographs.\",\"publisher\":{\"@id\":\"https:\\\/\\\/danielricardogonzalez.com\\\/en\\\/#organization\"},\"potentialAction\":[{\"@type\":\"SearchAction\",\"target\":{\"@type\":\"EntryPoint\",\"urlTemplate\":\"https:\\\/\\\/danielricardogonzalez.com\\\/en\\\/?s={search_term_string}\"},\"query-input\":{\"@type\":\"PropertyValueSpecification\",\"valueRequired\":true,\"valueName\":\"search_term_string\"}}],\"inLanguage\":\"de\"},{\"@type\":\"Organization\",\"@id\":\"https:\\\/\\\/danielricardogonzalez.com\\\/en\\\/#organization\",\"name\":\"Daniel Ricardo Gonz\u00e1lez\",\"url\":\"https:\\\/\\\/danielricardogonzalez.com\\\/en\\\/\",\"logo\":{\"@type\":\"ImageObject\",\"inLanguage\":\"de\",\"@id\":\"https:\\\/\\\/danielricardogonzalez.com\\\/en\\\/#\\\/schema\\\/logo\\\/image\\\/\",\"url\":\"https:\\\/\\\/danielricardogonzalez.com\\\/wp-content\\\/uploads\\\/2022\\\/09\\\/COCINA-III-CASA-ALONSO-\u00a9-Daniel-Ricardo-Gonzalez.jpg\",\"contentUrl\":\"https:\\\/\\\/danielricardogonzalez.com\\\/wp-content\\\/uploads\\\/2022\\\/09\\\/COCINA-III-CASA-ALONSO-\u00a9-Daniel-Ricardo-Gonzalez.jpg\",\"width\":1731,\"height\":1154,\"caption\":\"Daniel Ricardo Gonz\u00e1lez\"},\"image\":{\"@id\":\"https:\\\/\\\/danielricardogonzalez.com\\\/en\\\/#\\\/schema\\\/logo\\\/image\\\/\"}}]}<\/script>\n<!-- \/ Yoast SEO plugin. -->","yoast_head_json":{"title":"IMPRINT - Daniel Ricardo Gonz\u00e1lez","robots":{"index":"index","follow":"follow","max-snippet":"max-snippet:-1","max-image-preview":"max-image-preview:large","max-video-preview":"max-video-preview:-1"},"canonical":"https:\/\/danielricardogonzalez.com\/de\/imprint\/","og_locale":"de_DE","og_type":"article","og_title":"IMPRINT - Daniel Ricardo Gonz\u00e1lez","og_description":"IMPRINT IMPRINT According to \u00a7 5 TMG: Daniel Ricardo Gonz\u00e1lez M\u00f6ttelinstrasse 12 88212 Ravensburg Contact: Telephone +49 (0) 172 869 1205 E-Mail: hello(at)danielricardogonzalez.com Tax ID number: DE320766316 Exclusion of liability (disclaimer) Liability for content As a service provider, we are responsible for our own content on these pages in accordance with general law in accordance with Section 7 (1) of the German Telemedia Act. According to \u00a7\u00a7 8 to 10 TMG, as a service provider, we are not obliged to [&hellip;]","og_url":"https:\/\/danielricardogonzalez.com\/de\/imprint\/","og_site_name":"Daniel Ricardo Gonz\u00e1lez","article_modified_time":"2021-03-01T13:53:12+00:00","twitter_card":"summary_large_image","twitter_misc":{"Gesch\u00e4tzte Lesezeit":"2\u00a0Minuten"},"schema":{"@context":"https:\/\/schema.org","@graph":[{"@type":"WebPage","@id":"https:\/\/danielricardogonzalez.com\/de\/imprint\/","url":"https:\/\/danielricardogonzalez.com\/de\/imprint\/","name":"IMPRINT - Daniel Ricardo Gonz\u00e1lez","isPartOf":{"@id":"https:\/\/danielricardogonzalez.com\/en\/#website"},"datePublished":"2021-01-23T17:34:47+00:00","dateModified":"2021-03-01T13:53:12+00:00","breadcrumb":{"@id":"https:\/\/danielricardogonzalez.com\/de\/imprint\/#breadcrumb"},"inLanguage":"de","potentialAction":[{"@type":"ReadAction","target":["https:\/\/danielricardogonzalez.com\/de\/imprint\/"]}]},{"@type":"BreadcrumbList","@id":"https:\/\/danielricardogonzalez.com\/de\/imprint\/#breadcrumb","itemListElement":[{"@type":"ListItem","position":1,"name":"Startseite","item":"https:\/\/danielricardogonzalez.com\/en\/"},{"@type":"ListItem","position":2,"name":"IMPRINT"}]},{"@type":"WebSite","@id":"https:\/\/danielricardogonzalez.com\/en\/#website","url":"https:\/\/danielricardogonzalez.com\/en\/","name":"Daniel Ricardo Gonz\u00e1lez","description":"The son of a Spaniard and a half-French woman. His great talent is to abduct the viewer into magical lost places through his photographs.","publisher":{"@id":"https:\/\/danielricardogonzalez.com\/en\/#organization"},"potentialAction":[{"@type":"SearchAction","target":{"@type":"EntryPoint","urlTemplate":"https:\/\/danielricardogonzalez.com\/en\/?s={search_term_string}"},"query-input":{"@type":"PropertyValueSpecification","valueRequired":true,"valueName":"search_term_string"}}],"inLanguage":"de"},{"@type":"Organization","@id":"https:\/\/danielricardogonzalez.com\/en\/#organization","name":"Daniel Ricardo Gonz\u00e1lez","url":"https:\/\/danielricardogonzalez.com\/en\/","logo":{"@type":"ImageObject","inLanguage":"de","@id":"https:\/\/danielricardogonzalez.com\/en\/#\/schema\/logo\/image\/","url":"https:\/\/danielricardogonzalez.com\/wp-content\/uploads\/2022\/09\/COCINA-III-CASA-ALONSO-\u00a9-Daniel-Ricardo-Gonzalez.jpg","contentUrl":"https:\/\/danielricardogonzalez.com\/wp-content\/uploads\/2022\/09\/COCINA-III-CASA-ALONSO-\u00a9-Daniel-Ricardo-Gonzalez.jpg","width":1731,"height":1154,"caption":"Daniel Ricardo Gonz\u00e1lez"},"image":{"@id":"https:\/\/danielricardogonzalez.com\/en\/#\/schema\/logo\/image\/"}}]}},"_links":{"self":[{"href":"https:\/\/danielricardogonzalez.com\/de\/wp-json\/wp\/v2\/pages\/3098","targetHints":{"allow":["GET"]}}],"collection":[{"href":"https:\/\/danielricardogonzalez.com\/de\/wp-json\/wp\/v2\/pages"}],"about":[{"href":"https:\/\/danielricardogonzalez.com\/de\/wp-json\/wp\/v2\/types\/page"}],"author":[{"embeddable":true,"href":"https:\/\/danielricardogonzalez.com\/de\/wp-json\/wp\/v2\/users\/4"}],"replies":[{"embeddable":true,"href":"https:\/\/danielricardogonzalez.com\/de\/wp-json\/wp\/v2\/comments?post=3098"}],"version-history":[{"count":49,"href":"https:\/\/danielricardogonzalez.com\/de\/wp-json\/wp\/v2\/pages\/3098\/revisions"}],"predecessor-version":[{"id":5468,"href":"https:\/\/danielricardogonzalez.com\/de\/wp-json\/wp\/v2\/pages\/3098\/revisions\/5468"}],"wp:attachment":[{"href":"https:\/\/danielricardogonzalez.com\/de\/wp-json\/wp\/v2\/media?parent=3098"}],"curies":[{"name":"wp","href":"https:\/\/api.w.org\/{rel}","templated":true}]}}